{"id":316,"date":"2025-07-18T22:02:27","date_gmt":"2025-07-18T20:02:27","guid":{"rendered":"https:\/\/www.corteatenea.it\/?post_type=product&#038;p=316"},"modified":"2025-07-22T19:23:15","modified_gmt":"2025-07-22T17:23:15","slug":"executive","status":"publish","type":"product","link":"https:\/\/www.corteatenea.it\/fr\/executive\/","title":{"rendered":"Executive"},"content":{"rendered":"<p>Profitez du plus grand confort et de l\u2019intimit\u00e9 dans notre chambre executive, une retraite confortable con\u00e7ue pour offrir un s\u00e9jour relaxant et fonctionnel.<\/p>\n<p>La chambre est meubl\u00e9e avec un lit double confortable, des ports USB au chevet, la climatisation, une t\u00e9l\u00e9vision \u00e0 \u00e9cran plat et une connexion Wi-Fi gratuite pour assurer un s\u00e9jour sans soucis. Le petit balcon priv\u00e9 est l\u2019endroit id\u00e9al pour se d\u00e9tendre avec une boisson rafra\u00eechissante ou tout simplement pour respirer l\u2019air frais de la ville.<\/p>\n<p>La salle de bain, s\u00e9par\u00e9e de la douche spacieuse dans la chambre, est \u00e9quip\u00e9e de tous les conforts essentiels, y compris un ensemble exclusif d\u2019articles de toilette et un s\u00e8che-cheveux; notre objectif est de vous faire sentir choy\u00e9 et compl\u00e8tement \u00e0 l\u2019aise.<\/p>\n<p>Avec son design moderne, son atmosph\u00e8re chaleureuse et son am\u00e9nagement optimal, cette chambre est le choix id\u00e9al pour ceux qui recherchent une combinaison parfaite de confort, d\u2019intimit\u00e9 et de style.<\/p>\n<p>S\u00e9journez dans notre chambre executive avec balcon pour vivre une exp\u00e9rience de d\u00e9tente incomparable, o\u00f9 chaque d\u00e9tail est con\u00e7u pour rendre votre s\u00e9jour inoubliable.<\/p>","protected":false},"excerpt":{"rendered":"<p>Vivi il massimo del comfort e della privacy nella nostra Camera Executive, un rifugio accogliente progettato per offrire un soggiorno rilassante e funzionale. La camera \u00e8 arredata con un comodo letto matrimoniale, porte USB al comodino, aria condizionata, TV a schermo piatto e Wi-Fi gratuito, per garantirti una permanenza senza pensieri. Il piccolo balcone privato&#8230;<\/p>","protected":false},"featured_media":209,"comment_status":"closed","ping_status":"closed","template":"","meta":{"_acf_changed":false},"product_brand":[],"product_cat":[19],"product_tag":[],"class_list":{"0":"post-316","1":"product","2":"type-product","3":"status-publish","4":"has-post-thumbnail","6":"product_cat-camere","8":"first","9":"instock","10":"shipping-taxable","11":"product-type-simple"},"acf":[],"yoast_head":"<!-- This site is optimized with the Yoast SEO plugin v25.5 - https:\/\/yoast.com\/wordpress\/plugins\/seo\/ -->\n<title>Corte Atenea | Executive<\/title>\n<meta name=\"robots\" content=\"index, follow, max-snippet:-1, max-image-preview:large, max-video-preview:-1\" \/>\n<link rel=\"canonical\" href=\"https:\/\/www.corteatenea.it\/fr\/executive\/\" \/>\n<meta property=\"og:locale\" content=\"fr_FR\" \/>\n<meta property=\"og:type\" content=\"article\" \/>\n<meta property=\"og:title\" content=\"Corte Atenea | Executive\" \/>\n<meta property=\"og:description\" content=\"Vivi il massimo del comfort e della privacy nella nostra Camera Executive, un rifugio accogliente progettato per offrire un soggiorno rilassante e funzionale. La camera \u00e8 arredata con un comodo letto matrimoniale, porte USB al comodino, aria condizionata, TV a schermo piatto e Wi-Fi gratuito, per garantirti una permanenza senza pensieri. Il piccolo balcone privato...\" \/>\n<meta property=\"og:url\" content=\"https:\/\/www.corteatenea.it\/fr\/executive\/\" \/>\n<meta property=\"og:site_name\" content=\"Corte Atenea\" \/>\n<meta property=\"article:publisher\" content=\"https:\/\/www.facebook.com\/people\/Corte-Atenea-Guest-House-Experience-Spa\/61577293547383\/\" \/>\n<meta property=\"article:modified_time\" content=\"2025-07-22T17:23:15+00:00\" \/>\n<meta property=\"og:image\" content=\"https:\/\/www.corteatenea.it\/wp-content\/uploads\/2025\/07\/executive.jpeg\" \/>\n\t<meta property=\"og:image:width\" content=\"1600\" \/>\n\t<meta property=\"og:image:height\" content=\"1067\" \/>\n\t<meta property=\"og:image:type\" content=\"image\/jpeg\" \/>\n<meta name=\"twitter:card\" content=\"summary_large_image\" \/>\n<meta name=\"twitter:label1\" content=\"Dur\u00e9e de lecture estim\u00e9e\" \/>\n\t<meta name=\"twitter:data1\" content=\"2 minutes\" \/>\n<script type=\"application\/ld+json\" class=\"yoast-schema-graph\">{\"@context\":\"https:\/\/schema.org\",\"@graph\":[{\"@type\":\"WebPage\",\"@id\":\"https:\/\/www.corteatenea.it\/executive\/\",\"url\":\"https:\/\/www.corteatenea.it\/executive\/\",\"name\":\"Corte Atenea | Executive\",\"isPartOf\":{\"@id\":\"https:\/\/www.corteatenea.it\/#website\"},\"primaryImageOfPage\":{\"@id\":\"https:\/\/www.corteatenea.it\/executive\/#primaryimage\"},\"image\":{\"@id\":\"https:\/\/www.corteatenea.it\/executive\/#primaryimage\"},\"thumbnailUrl\":\"https:\/\/www.corteatenea.it\/wp-content\/uploads\/2025\/07\/executive.jpeg\",\"datePublished\":\"2025-07-18T20:02:27+00:00\",\"dateModified\":\"2025-07-22T17:23:15+00:00\",\"breadcrumb\":{\"@id\":\"https:\/\/www.corteatenea.it\/executive\/#breadcrumb\"},\"inLanguage\":\"fr-FR\",\"potentialAction\":[{\"@type\":\"ReadAction\",\"target\":[\"https:\/\/www.corteatenea.it\/executive\/\"]}]},{\"@type\":\"ImageObject\",\"inLanguage\":\"fr-FR\",\"@id\":\"https:\/\/www.corteatenea.it\/executive\/#primaryimage\",\"url\":\"https:\/\/www.corteatenea.it\/wp-content\/uploads\/2025\/07\/executive.jpeg\",\"contentUrl\":\"https:\/\/www.corteatenea.it\/wp-content\/uploads\/2025\/07\/executive.jpeg\",\"width\":1600,\"height\":1067},{\"@type\":\"BreadcrumbList\",\"@id\":\"https:\/\/www.corteatenea.it\/executive\/#breadcrumb\",\"itemListElement\":[{\"@type\":\"ListItem\",\"position\":1,\"name\":\"Home\",\"item\":\"https:\/\/www.corteatenea.it\/\"},{\"@type\":\"ListItem\",\"position\":2,\"name\":\"Productos\",\"item\":\"https:\/\/www.corteatenea.it\/es\/shop\/\"},{\"@type\":\"ListItem\",\"position\":3,\"name\":\"Executive\"}]},{\"@type\":\"WebSite\",\"@id\":\"https:\/\/www.corteatenea.it\/#website\",\"url\":\"https:\/\/www.corteatenea.it\/\",\"name\":\"Corte Atenea\",\"description\":\"\",\"publisher\":{\"@id\":\"https:\/\/www.corteatenea.it\/#organization\"},\"potentialAction\":[{\"@type\":\"SearchAction\",\"target\":{\"@type\":\"EntryPoint\",\"urlTemplate\":\"https:\/\/www.corteatenea.it\/?s={search_term_string}\"},\"query-input\":{\"@type\":\"PropertyValueSpecification\",\"valueRequired\":true,\"valueName\":\"search_term_string\"}}],\"inLanguage\":\"fr-FR\"},{\"@type\":\"Organization\",\"@id\":\"https:\/\/www.corteatenea.it\/#organization\",\"name\":\"Corte Atenea\",\"url\":\"https:\/\/www.corteatenea.it\/\",\"logo\":{\"@type\":\"ImageObject\",\"inLanguage\":\"fr-FR\",\"@id\":\"https:\/\/www.corteatenea.it\/#\/schema\/logo\/image\/\",\"url\":\"https:\/\/www.corteatenea.it\/wp-content\/uploads\/2025\/07\/CorteAtenea.jpg\",\"contentUrl\":\"https:\/\/www.corteatenea.it\/wp-content\/uploads\/2025\/07\/CorteAtenea.jpg\",\"width\":1200,\"height\":1200,\"caption\":\"Corte Atenea\"},\"image\":{\"@id\":\"https:\/\/www.corteatenea.it\/#\/schema\/logo\/image\/\"},\"sameAs\":[\"https:\/\/www.facebook.com\/people\/Corte-Atenea-Guest-House-Experience-Spa\/61577293547383\/\",\"https:\/\/www.instagram.com\/corteateneaguesthouse\/\"]}]}<\/script>\n<!-- \/ Yoast SEO plugin. -->","yoast_head_json":{"title":"Corte Atenea | Executive","robots":{"index":"index","follow":"follow","max-snippet":"max-snippet:-1","max-image-preview":"max-image-preview:large","max-video-preview":"max-video-preview:-1"},"canonical":"https:\/\/www.corteatenea.it\/fr\/executive\/","og_locale":"fr_FR","og_type":"article","og_title":"Corte Atenea | Executive","og_description":"Vivi il massimo del comfort e della privacy nella nostra Camera Executive, un rifugio accogliente progettato per offrire un soggiorno rilassante e funzionale. La camera \u00e8 arredata con un comodo letto matrimoniale, porte USB al comodino, aria condizionata, TV a schermo piatto e Wi-Fi gratuito, per garantirti una permanenza senza pensieri. Il piccolo balcone privato...","og_url":"https:\/\/www.corteatenea.it\/fr\/executive\/","og_site_name":"Corte Atenea","article_publisher":"https:\/\/www.facebook.com\/people\/Corte-Atenea-Guest-House-Experience-Spa\/61577293547383\/","article_modified_time":"2025-07-22T17:23:15+00:00","og_image":[{"width":1600,"height":1067,"url":"https:\/\/www.corteatenea.it\/wp-content\/uploads\/2025\/07\/executive.jpeg","type":"image\/jpeg"}],"twitter_card":"summary_large_image","twitter_misc":{"Dur\u00e9e de lecture estim\u00e9e":"2 minutes"},"schema":{"@context":"https:\/\/schema.org","@graph":[{"@type":"WebPage","@id":"https:\/\/www.corteatenea.it\/executive\/","url":"https:\/\/www.corteatenea.it\/executive\/","name":"Corte Atenea | Executive","isPartOf":{"@id":"https:\/\/www.corteatenea.it\/#website"},"primaryImageOfPage":{"@id":"https:\/\/www.corteatenea.it\/executive\/#primaryimage"},"image":{"@id":"https:\/\/www.corteatenea.it\/executive\/#primaryimage"},"thumbnailUrl":"https:\/\/www.corteatenea.it\/wp-content\/uploads\/2025\/07\/executive.jpeg","datePublished":"2025-07-18T20:02:27+00:00","dateModified":"2025-07-22T17:23:15+00:00","breadcrumb":{"@id":"https:\/\/www.corteatenea.it\/executive\/#breadcrumb"},"inLanguage":"fr-FR","potentialAction":[{"@type":"ReadAction","target":["https:\/\/www.corteatenea.it\/executive\/"]}]},{"@type":"ImageObject","inLanguage":"fr-FR","@id":"https:\/\/www.corteatenea.it\/executive\/#primaryimage","url":"https:\/\/www.corteatenea.it\/wp-content\/uploads\/2025\/07\/executive.jpeg","contentUrl":"https:\/\/www.corteatenea.it\/wp-content\/uploads\/2025\/07\/executive.jpeg","width":1600,"height":1067},{"@type":"BreadcrumbList","@id":"https:\/\/www.corteatenea.it\/executive\/#breadcrumb","itemListElement":[{"@type":"ListItem","position":1,"name":"Home","item":"https:\/\/www.corteatenea.it\/"},{"@type":"ListItem","position":2,"name":"Productos","item":"https:\/\/www.corteatenea.it\/es\/shop\/"},{"@type":"ListItem","position":3,"name":"Executive"}]},{"@type":"WebSite","@id":"https:\/\/www.corteatenea.it\/#website","url":"https:\/\/www.corteatenea.it\/","name":"Corte Atenea","description":"","publisher":{"@id":"https:\/\/www.corteatenea.it\/#organization"},"potentialAction":[{"@type":"SearchAction","target":{"@type":"EntryPoint","urlTemplate":"https:\/\/www.corteatenea.it\/?s={search_term_string}"},"query-input":{"@type":"PropertyValueSpecification","valueRequired":true,"valueName":"search_term_string"}}],"inLanguage":"fr-FR"},{"@type":"Organization","@id":"https:\/\/www.corteatenea.it\/#organization","name":"Corte Atenea","url":"https:\/\/www.corteatenea.it\/","logo":{"@type":"ImageObject","inLanguage":"fr-FR","@id":"https:\/\/www.corteatenea.it\/#\/schema\/logo\/image\/","url":"https:\/\/www.corteatenea.it\/wp-content\/uploads\/2025\/07\/CorteAtenea.jpg","contentUrl":"https:\/\/www.corteatenea.it\/wp-content\/uploads\/2025\/07\/CorteAtenea.jpg","width":1200,"height":1200,"caption":"Corte Atenea"},"image":{"@id":"https:\/\/www.corteatenea.it\/#\/schema\/logo\/image\/"},"sameAs":["https:\/\/www.facebook.com\/people\/Corte-Atenea-Guest-House-Experience-Spa\/61577293547383\/","https:\/\/www.instagram.com\/corteateneaguesthouse\/"]}]}},"_links":{"self":[{"href":"https:\/\/www.corteatenea.it\/fr\/wp-json\/wp\/v2\/product\/316","targetHints":{"allow":["GET"]}}],"collection":[{"href":"https:\/\/www.corteatenea.it\/fr\/wp-json\/wp\/v2\/product"}],"about":[{"href":"https:\/\/www.corteatenea.it\/fr\/wp-json\/wp\/v2\/types\/product"}],"replies":[{"embeddable":true,"href":"https:\/\/www.corteatenea.it\/fr\/wp-json\/wp\/v2\/comments?post=316"}],"wp:featuredmedia":[{"embeddable":true,"href":"https:\/\/www.corteatenea.it\/fr\/wp-json\/wp\/v2\/media\/209"}],"wp:attachment":[{"href":"https:\/\/www.corteatenea.it\/fr\/wp-json\/wp\/v2\/media?parent=316"}],"wp:term":[{"taxonomy":"product_brand","embeddable":true,"href":"https:\/\/www.corteatenea.it\/fr\/wp-json\/wp\/v2\/product_brand?post=316"},{"taxonomy":"product_cat","embeddable":true,"href":"https:\/\/www.corteatenea.it\/fr\/wp-json\/wp\/v2\/product_cat?post=316"},{"taxonomy":"product_tag","embeddable":true,"href":"https:\/\/www.corteatenea.it\/fr\/wp-json\/wp\/v2\/product_tag?post=316"}],"curies":[{"name":"wp","href":"https:\/\/api.w.org\/{rel}","templated":true}]}}