{"id":235,"date":"2025-07-18T20:01:26","date_gmt":"2025-07-18T18:01:26","guid":{"rendered":"https:\/\/www.corteatenea.it\/?page_id=235"},"modified":"2025-07-22T19:26:48","modified_gmt":"2025-07-22T17:26:48","slug":"regolamento","status":"publish","type":"page","link":"https:\/\/www.corteatenea.it\/fr\/regolamento\/","title":{"rendered":"R\u00e8glement"},"content":{"rendered":"<section class=\"l-section wpb_row height_auto width_full\"><div class=\"l-section-h i-cf\"><div class=\"g-cols vc_row via_flex valign_top type_default stacking_default\"><div class=\"vc_col-sm-12 wpb_column vc_column_container\"><div class=\"vc_column-inner\"><div class=\"wpb_wrapper\"><section class=\"l-section wpb_row us_custom_b7ce1b94 us_animate_this height_huge width_full\"><div class=\"l-section-overlay\" style=\"background:rgba(0,0,0,0.5)\"><\/div><div class=\"l-section-h i-cf\"><div class=\"g-cols vc_row via_flex valign_top type_default stacking_default\"><div class=\"vc_col-sm-12 wpb_column vc_column_container\"><div class=\"vc_column-inner\"><div class=\"wpb_wrapper\"><div class=\"w-separator size_large\"><\/div><div class=\"g-cols wpb_row via_flex valign_top type_default stacking_default\"><div class=\"vc_col-sm-2 wpb_column vc_column_container\"><div class=\"vc_column-inner\"><div class=\"wpb_wrapper\"><\/div><\/div><\/div><div class=\"vc_col-sm-8 wpb_column vc_column_container\"><div class=\"vc_column-inner\"><div class=\"wpb_wrapper\"><div class=\"w-vwrapper align_none valign_top\" style=\"--vwrapper-gap:1rem\"><nav class=\"g-breadcrumbs us_custom_319b9b67 has_text_color us_animate_this separator_icon align_center\" itemscope itemtype=\"http:\/\/schema.org\/BreadcrumbList\"><div class=\"g-breadcrumbs-item\" itemscope itemprop=\"itemListElement\" itemtype=\"http:\/\/schema.org\/ListItem\"><a itemprop=\"item\" href=\"https:\/\/www.corteatenea.it\/fr\/\"><span itemprop=\"name\">Accueil<\/span><\/a><meta itemprop=\"position\" content=\"1\"\/><\/div><div class=\"g-breadcrumbs-separator\"><i class=\"far fa-angle-right\"><\/i><\/div><div class=\"g-breadcrumbs-item\">Pages<\/div><\/nav><h2 class=\"w-post-elm post_title us_custom_b15cdcab has_text_color us_animate_this align_center entry-title color_link_inherit\">R\u00e8glement<\/h2><\/div><\/div><\/div><\/div><div class=\"vc_col-sm-2 wpb_column vc_column_container\"><div class=\"vc_column-inner\"><div class=\"wpb_wrapper\"><\/div><\/div><\/div><\/div><div class=\"w-separator size_large\"><\/div><\/div><\/div><\/div><\/div><\/div><\/section>\n<\/div><\/div><\/div><\/div><\/div><\/section><section class=\"l-section wpb_row height_huge\"><div class=\"l-section-h i-cf\"><div class=\"g-cols vc_row via_flex valign_top type_default stacking_default\"><div class=\"vc_col-sm-12 wpb_column vc_column_container\"><div class=\"vc_column-inner\"><div class=\"wpb_wrapper\"><div class=\"g-cols wpb_row via_flex valign_top type_default stacking_default\"><div class=\"vc_col-sm-8 wpb_column vc_column_container\"><div class=\"vc_column-inner us_custom_8e784a87 us_animate_this\"><div class=\"wpb_wrapper\"><div class=\"w-vwrapper align_none valign_top\" style=\"--vwrapper-gap:0.5rem\"><h2 class=\"w-text\"><span class=\"w-text-h\"><span class=\"w-text-value\">R\u00e8glement int\u00e9rieur<\/span><\/span><\/h2><\/div><div class=\"w-separator size_small\"><\/div><div class=\"wpb_text_column\"><div class=\"wpb_wrapper\"><p>Pour vous assurer la meilleure exp\u00e9rience possible, voici quelques d\u00e9tails importants \u00e0 conna\u00eetre avant votre s\u00e9jour\u00a0:<\/p>\n<ul>\n<li><strong>Check-in:<\/strong> \u00c0 votre arriv\u00e9e, nous vous demanderons de fournir une pi\u00e8ce d\u2019identit\u00e9 avec photo valide (pour les mineurs \u00e9galement) et une carte de cr\u00e9dit. Pour faciliter le processus d\u2019enregistrement, nous vous demandons de bien vouloir nous informer de votre heure d\u2019arriv\u00e9e pr\u00e9vue au moins 24 heures \u00e0 l\u2019avance. Le fait de ne pas le faire peut entra\u00eener des retards ou des difficult\u00e9s lors de votre enregistrement (cela ne sera pas un motif de r\u00e9clamation ou de demande de remboursement).<\/li>\n<li><strong>Arriv\u00e9e apr\u00e8s 19:30 :<\/strong> Si vous pensez arriver apr\u00e8s 19:30, veuillez nous en informer \u00e0 l\u2019avance. Les arriv\u00e9es tardives ne seront possibles qu\u2019avec une confirmation \u00e9crite et entra\u00eeneront des frais suppl\u00e9mentaires.<\/li>\n<li><strong>Demandes sp\u00e9ciales :<\/strong> Seront satisfaites selon la disponibilit\u00e9 et peuvent entra\u00eener des frais suppl\u00e9mentaires.<\/li>\n<li><strong>D\u00e9part tardif<\/strong>: Disponible sur demande, sous r\u00e9serve de disponibilit\u00e9 et moyennant des frais suppl\u00e9mentaires.<\/li>\n<li><strong>R\u00e8glement int\u00e9rieur :<\/strong> Pour assurer le maximum de confort pour tous les invit\u00e9s, les parties ou \u00e9v\u00e9nements ne sont pas autoris\u00e9s dans la propri\u00e9t\u00e9. Il est strictement interdit de fumer, d\u2019apporter ou de consommer de l\u2019alcool ou des substances ill\u00e9gales. L\u2019acc\u00e8s est r\u00e9serv\u00e9 exclusivement aux clients enregistr\u00e9s.<\/li>\n<li><strong>Mineurs\u00a0:<\/strong> Il est n\u00e9cessaire que les mineurs soient accompagn\u00e9s d\u2019un parent ou d\u2019un tuteur et qu\u2019ils aient une pi\u00e8ce d\u2019identit\u00e9 avec photo valide pour entrer.<\/li>\n<li><strong>Taxe de s\u00e9jour :<\/strong> Non incluse dans le prix et doit \u00eatre pay\u00e9e s\u00e9par\u00e9ment \u00e0 l\u2019arriv\u00e9e.<\/li>\n<li><strong>D\u00e9p\u00f4t de garantie\u00a0:<\/strong> Un d\u00e9p\u00f4t de garantie est exig\u00e9 \u00e0 l'arriv\u00e9e, qui sera rembours\u00e9 apr\u00e8s une v\u00e9rification de l\u2019\u00e9tat du logement.<\/li>\n<\/ul>\n<h3>Politique d\u2019annulation<\/h3>\n<ul>\n<li><strong>Tarifs r\u00e9duits non remboursables :<\/strong> Aucun remboursement n\u2019est fourni.<\/li>\n<li><strong>Annulation gratuite :<\/strong> Jusqu\u2019\u00e0 14 jours avant la date d\u2019arriv\u00e9e pour les tarifs qui le permettent.<\/li>\n<li><strong>Annulation apr\u00e8s la date limite ou non-pr\u00e9sentation :<\/strong> 100% du montant total de la r\u00e9servation sera factur\u00e9.<\/li>\n<li><strong>Changements de r\u00e9servation :<\/strong> Sous r\u00e9serve de disponibilit\u00e9 et peut entra\u00eener un changement du montant d\u00fb.<\/li>\n<\/ul>\n<p>Nous vous recommandons de toujours v\u00e9rifier les conditions sp\u00e9cifiques au moment de la r\u00e9servation, car elles peuvent varier en fonction des offres sp\u00e9ciales ou des forfaits promotionnels.<\/p>\n<\/div><\/div><\/div><\/div><\/div><div class=\"vc_col-sm-4 wpb_column vc_column_container\"><div class=\"vc_column-inner us_custom_135e11d2 us_animate_this type_sticky\"><div class=\"wpb_wrapper\"><div class=\"w-separator size_small\"><\/div><div class=\"w-iconbox us_custom_43967dc4 iconpos_left style_default color_primary align_left\"><a target=\"_blank\" href=\"https:\/\/maps.app.goo.gl\/Hti43CQedRPwCYVw5\" class=\"w-iconbox-link\" aria-label=\"Emplacement\"><div class=\"w-iconbox-icon\" style=\"font-size:30px;\"><i class=\"fal fa-map-marker-alt\"><\/i><\/div><\/a><div class=\"w-iconbox-meta\"><h4 class=\"w-iconbox-title\"><a target=\"_blank\" href=\"https:\/\/maps.app.goo.gl\/Hti43CQedRPwCYVw5\" class=\"w-iconbox-link\" aria-label=\"Emplacement\">Emplacement<\/a><\/h4><div class=\"w-iconbox-text\"><p><a href=\"https:\/\/maps.app.goo.gl\/Hti43CQedRPwCYVw5\" target=\"_blank\" rel=\"noopener\">Via Ficani, 26, 92100 Agrigente AG, Italie<\/a><\/p>\n<\/div><\/div><\/div><div class=\"w-separator size_medium\"><\/div><div class=\"w-iconbox us_custom_43967dc4 iconpos_left style_default color_primary align_left\"><a target=\"_blank\" href=\"tel:+393931864800\" class=\"w-iconbox-link\" aria-label=\"T\u00e9l\u00e9phone\"><div class=\"w-iconbox-icon\" style=\"font-size:30px;\"><i class=\"fal fa-phone-alt\"><\/i><\/div><\/a><div class=\"w-iconbox-meta\"><h4 class=\"w-iconbox-title\"><a target=\"_blank\" href=\"tel:+393931864800\" class=\"w-iconbox-link\" aria-label=\"T\u00e9l\u00e9phone\">T\u00e9l\u00e9phone<\/a><\/h4><div class=\"w-iconbox-text\"><p><a href=\"tel:+393931864800\">+39 393 186 4800<\/a><\/p>\n<\/div><\/div><\/div><div class=\"w-separator size_medium\"><\/div><div class=\"w-iconbox us_custom_43967dc4 iconpos_left style_default color_primary align_left\"><div class=\"w-iconbox-icon\" style=\"font-size:30px;\"><i class=\"fal fa-clock\"><\/i><\/div><div class=\"w-iconbox-meta\"><h4 class=\"w-iconbox-title\">Orari<\/h4><div class=\"w-iconbox-text\"><p>Enregistrement : de 13h00 \u00e0 19h00<br \/>\nD\u00e9part : Entr\u00e9e avant 10h00<\/p>\n<\/div><\/div><\/div><\/div><\/div><\/div><\/div><\/div><\/div><\/div><\/div><\/div><\/section>","protected":false},"excerpt":{"rendered":"AccueilPagesRegolamento Regole della casaPer garantirvi la migliore accoglienza, ecco alcune informazioni importanti da conoscere prima del vostro soggiorno: Check-in: Al momento del check-in, vi chiederemo di presentare un documento d\u2019identit\u00e0 con foto (anche per i minori) e una carta di credito. Per una gestione pi\u00f9 fluida, vi chiediamo gentilmente di comunicarci l&#8217;orario di arrivo almeno...","protected":false},"author":1,"featured_media":35,"parent":0,"menu_order":0,"comment_status":"closed","ping_status":"closed","template":"","meta":{"_acf_changed":false,"footnotes":""},"class_list":["post-235","page","type-page","status-publish","has-post-thumbnail","hentry"],"acf":[],"yoast_head":"<!-- This site is optimized with the Yoast SEO plugin v25.5 - https:\/\/yoast.com\/wordpress\/plugins\/seo\/ -->\n<title>Corte Atenea | Regolamento<\/title>\n<meta name=\"robots\" content=\"index, follow, max-snippet:-1, max-image-preview:large, max-video-preview:-1\" \/>\n<link rel=\"canonical\" href=\"https:\/\/www.corteatenea.it\/fr\/regolamento\/\" \/>\n<meta property=\"og:locale\" content=\"fr_FR\" \/>\n<meta property=\"og:type\" content=\"article\" \/>\n<meta property=\"og:title\" content=\"Corte Atenea | Regolamento\" \/>\n<meta property=\"og:url\" content=\"https:\/\/www.corteatenea.it\/fr\/regolamento\/\" \/>\n<meta property=\"og:site_name\" content=\"Corte Atenea\" \/>\n<meta property=\"article:publisher\" content=\"https:\/\/www.facebook.com\/people\/Corte-Atenea-Guest-House-Experience-Spa\/61577293547383\/\" \/>\n<meta property=\"article:modified_time\" content=\"2025-07-22T17:26:48+00:00\" \/>\n<meta property=\"og:image\" content=\"https:\/\/www.corteatenea.it\/wp-content\/uploads\/2025\/07\/CorteAtenea.jpg\" \/>\n\t<meta property=\"og:image:width\" content=\"1200\" \/>\n\t<meta property=\"og:image:height\" content=\"1200\" \/>\n\t<meta property=\"og:image:type\" content=\"image\/jpeg\" \/>\n<meta name=\"twitter:card\" content=\"summary_large_image\" \/>\n<meta name=\"twitter:label1\" content=\"Dur\u00e9e de lecture estim\u00e9e\" \/>\n\t<meta name=\"twitter:data1\" content=\"3 minutes\" \/>\n<script type=\"application\/ld+json\" class=\"yoast-schema-graph\">{\"@context\":\"https:\/\/schema.org\",\"@graph\":[{\"@type\":\"WebPage\",\"@id\":\"https:\/\/www.corteatenea.it\/regolamento\/\",\"url\":\"https:\/\/www.corteatenea.it\/regolamento\/\",\"name\":\"Corte Atenea | Regolamento\",\"isPartOf\":{\"@id\":\"https:\/\/www.corteatenea.it\/#website\"},\"primaryImageOfPage\":{\"@id\":\"https:\/\/www.corteatenea.it\/regolamento\/#primaryimage\"},\"image\":{\"@id\":\"https:\/\/www.corteatenea.it\/regolamento\/#primaryimage\"},\"thumbnailUrl\":\"https:\/\/www.corteatenea.it\/wp-content\/uploads\/2025\/07\/CorteAtenea.jpg\",\"datePublished\":\"2025-07-18T18:01:26+00:00\",\"dateModified\":\"2025-07-22T17:26:48+00:00\",\"breadcrumb\":{\"@id\":\"https:\/\/www.corteatenea.it\/regolamento\/#breadcrumb\"},\"inLanguage\":\"fr-FR\",\"potentialAction\":[{\"@type\":\"ReadAction\",\"target\":[\"https:\/\/www.corteatenea.it\/regolamento\/\"]}]},{\"@type\":\"ImageObject\",\"inLanguage\":\"fr-FR\",\"@id\":\"https:\/\/www.corteatenea.it\/regolamento\/#primaryimage\",\"url\":\"https:\/\/www.corteatenea.it\/wp-content\/uploads\/2025\/07\/CorteAtenea.jpg\",\"contentUrl\":\"https:\/\/www.corteatenea.it\/wp-content\/uploads\/2025\/07\/CorteAtenea.jpg\",\"width\":1200,\"height\":1200},{\"@type\":\"BreadcrumbList\",\"@id\":\"https:\/\/www.corteatenea.it\/regolamento\/#breadcrumb\",\"itemListElement\":[{\"@type\":\"ListItem\",\"position\":1,\"name\":\"Home\",\"item\":\"https:\/\/www.corteatenea.it\/\"},{\"@type\":\"ListItem\",\"position\":2,\"name\":\"Regolamento\"}]},{\"@type\":\"WebSite\",\"@id\":\"https:\/\/www.corteatenea.it\/#website\",\"url\":\"https:\/\/www.corteatenea.it\/\",\"name\":\"Corte Atenea\",\"description\":\"\",\"publisher\":{\"@id\":\"https:\/\/www.corteatenea.it\/#organization\"},\"potentialAction\":[{\"@type\":\"SearchAction\",\"target\":{\"@type\":\"EntryPoint\",\"urlTemplate\":\"https:\/\/www.corteatenea.it\/?s={search_term_string}\"},\"query-input\":{\"@type\":\"PropertyValueSpecification\",\"valueRequired\":true,\"valueName\":\"search_term_string\"}}],\"inLanguage\":\"fr-FR\"},{\"@type\":\"Organization\",\"@id\":\"https:\/\/www.corteatenea.it\/#organization\",\"name\":\"Corte Atenea\",\"url\":\"https:\/\/www.corteatenea.it\/\",\"logo\":{\"@type\":\"ImageObject\",\"inLanguage\":\"fr-FR\",\"@id\":\"https:\/\/www.corteatenea.it\/#\/schema\/logo\/image\/\",\"url\":\"https:\/\/www.corteatenea.it\/wp-content\/uploads\/2025\/07\/CorteAtenea.jpg\",\"contentUrl\":\"https:\/\/www.corteatenea.it\/wp-content\/uploads\/2025\/07\/CorteAtenea.jpg\",\"width\":1200,\"height\":1200,\"caption\":\"Corte Atenea\"},\"image\":{\"@id\":\"https:\/\/www.corteatenea.it\/#\/schema\/logo\/image\/\"},\"sameAs\":[\"https:\/\/www.facebook.com\/people\/Corte-Atenea-Guest-House-Experience-Spa\/61577293547383\/\",\"https:\/\/www.instagram.com\/corteateneaguesthouse\/\"]}]}<\/script>\n<!-- \/ Yoast SEO plugin. -->","yoast_head_json":{"title":"Corte Atenea | Regolamento","robots":{"index":"index","follow":"follow","max-snippet":"max-snippet:-1","max-image-preview":"max-image-preview:large","max-video-preview":"max-video-preview:-1"},"canonical":"https:\/\/www.corteatenea.it\/fr\/regolamento\/","og_locale":"fr_FR","og_type":"article","og_title":"Corte Atenea | Regolamento","og_url":"https:\/\/www.corteatenea.it\/fr\/regolamento\/","og_site_name":"Corte Atenea","article_publisher":"https:\/\/www.facebook.com\/people\/Corte-Atenea-Guest-House-Experience-Spa\/61577293547383\/","article_modified_time":"2025-07-22T17:26:48+00:00","og_image":[{"width":1200,"height":1200,"url":"https:\/\/www.corteatenea.it\/wp-content\/uploads\/2025\/07\/CorteAtenea.jpg","type":"image\/jpeg"}],"twitter_card":"summary_large_image","twitter_misc":{"Dur\u00e9e de lecture estim\u00e9e":"3 minutes"},"schema":{"@context":"https:\/\/schema.org","@graph":[{"@type":"WebPage","@id":"https:\/\/www.corteatenea.it\/regolamento\/","url":"https:\/\/www.corteatenea.it\/regolamento\/","name":"Corte Atenea | Regolamento","isPartOf":{"@id":"https:\/\/www.corteatenea.it\/#website"},"primaryImageOfPage":{"@id":"https:\/\/www.corteatenea.it\/regolamento\/#primaryimage"},"image":{"@id":"https:\/\/www.corteatenea.it\/regolamento\/#primaryimage"},"thumbnailUrl":"https:\/\/www.corteatenea.it\/wp-content\/uploads\/2025\/07\/CorteAtenea.jpg","datePublished":"2025-07-18T18:01:26+00:00","dateModified":"2025-07-22T17:26:48+00:00","breadcrumb":{"@id":"https:\/\/www.corteatenea.it\/regolamento\/#breadcrumb"},"inLanguage":"fr-FR","potentialAction":[{"@type":"ReadAction","target":["https:\/\/www.corteatenea.it\/regolamento\/"]}]},{"@type":"ImageObject","inLanguage":"fr-FR","@id":"https:\/\/www.corteatenea.it\/regolamento\/#primaryimage","url":"https:\/\/www.corteatenea.it\/wp-content\/uploads\/2025\/07\/CorteAtenea.jpg","contentUrl":"https:\/\/www.corteatenea.it\/wp-content\/uploads\/2025\/07\/CorteAtenea.jpg","width":1200,"height":1200},{"@type":"BreadcrumbList","@id":"https:\/\/www.corteatenea.it\/regolamento\/#breadcrumb","itemListElement":[{"@type":"ListItem","position":1,"name":"Home","item":"https:\/\/www.corteatenea.it\/"},{"@type":"ListItem","position":2,"name":"Regolamento"}]},{"@type":"WebSite","@id":"https:\/\/www.corteatenea.it\/#website","url":"https:\/\/www.corteatenea.it\/","name":"Corte Atenea","description":"","publisher":{"@id":"https:\/\/www.corteatenea.it\/#organization"},"potentialAction":[{"@type":"SearchAction","target":{"@type":"EntryPoint","urlTemplate":"https:\/\/www.corteatenea.it\/?s={search_term_string}"},"query-input":{"@type":"PropertyValueSpecification","valueRequired":true,"valueName":"search_term_string"}}],"inLanguage":"fr-FR"},{"@type":"Organization","@id":"https:\/\/www.corteatenea.it\/#organization","name":"Corte Atenea","url":"https:\/\/www.corteatenea.it\/","logo":{"@type":"ImageObject","inLanguage":"fr-FR","@id":"https:\/\/www.corteatenea.it\/#\/schema\/logo\/image\/","url":"https:\/\/www.corteatenea.it\/wp-content\/uploads\/2025\/07\/CorteAtenea.jpg","contentUrl":"https:\/\/www.corteatenea.it\/wp-content\/uploads\/2025\/07\/CorteAtenea.jpg","width":1200,"height":1200,"caption":"Corte Atenea"},"image":{"@id":"https:\/\/www.corteatenea.it\/#\/schema\/logo\/image\/"},"sameAs":["https:\/\/www.facebook.com\/people\/Corte-Atenea-Guest-House-Experience-Spa\/61577293547383\/","https:\/\/www.instagram.com\/corteateneaguesthouse\/"]}]}},"_links":{"self":[{"href":"https:\/\/www.corteatenea.it\/fr\/wp-json\/wp\/v2\/pages\/235","targetHints":{"allow":["GET"]}}],"collection":[{"href":"https:\/\/www.corteatenea.it\/fr\/wp-json\/wp\/v2\/pages"}],"about":[{"href":"https:\/\/www.corteatenea.it\/fr\/wp-json\/wp\/v2\/types\/page"}],"author":[{"embeddable":true,"href":"https:\/\/www.corteatenea.it\/fr\/wp-json\/wp\/v2\/users\/1"}],"replies":[{"embeddable":true,"href":"https:\/\/www.corteatenea.it\/fr\/wp-json\/wp\/v2\/comments?post=235"}],"version-history":[{"count":0,"href":"https:\/\/www.corteatenea.it\/fr\/wp-json\/wp\/v2\/pages\/235\/revisions"}],"wp:featuredmedia":[{"embeddable":true,"href":"https:\/\/www.corteatenea.it\/fr\/wp-json\/wp\/v2\/media\/35"}],"wp:attachment":[{"href":"https:\/\/www.corteatenea.it\/fr\/wp-json\/wp\/v2\/media?parent=235"}],"curies":[{"name":"wp","href":"https:\/\/api.w.org\/{rel}","templated":true}]}}