{"id":20,"date":"2025-07-15T22:17:01","date_gmt":"2025-07-15T20:17:01","guid":{"rendered":"https:\/\/www.corteatenea.it\/?page_id=20"},"modified":"2025-07-22T19:18:37","modified_gmt":"2025-07-22T17:18:37","slug":"spa","status":"publish","type":"page","link":"https:\/\/www.corteatenea.it\/fr\/spa\/","title":{"rendered":"Spa et bien-\u00eatre"},"content":{"rendered":"<section class=\"l-section wpb_row height_auto width_full\"><div class=\"l-section-h i-cf\"><div class=\"g-cols vc_row via_flex valign_top type_default stacking_default\"><div class=\"vc_col-sm-12 wpb_column vc_column_container\"><div class=\"vc_column-inner\"><div class=\"wpb_wrapper\"><section class=\"l-section wpb_row us_custom_b7ce1b94 us_animate_this height_huge width_full\"><div class=\"l-section-overlay\" style=\"background:rgba(0,0,0,0.5)\"><\/div><div class=\"l-section-h i-cf\"><div class=\"g-cols vc_row via_flex valign_top type_default stacking_default\"><div class=\"vc_col-sm-12 wpb_column vc_column_container\"><div class=\"vc_column-inner\"><div class=\"wpb_wrapper\"><div class=\"w-separator size_large\"><\/div><div class=\"g-cols wpb_row via_flex valign_top type_default stacking_default\"><div class=\"vc_col-sm-2 wpb_column vc_column_container\"><div class=\"vc_column-inner\"><div class=\"wpb_wrapper\"><\/div><\/div><\/div><div class=\"vc_col-sm-8 wpb_column vc_column_container\"><div class=\"vc_column-inner\"><div class=\"wpb_wrapper\"><div class=\"w-vwrapper align_none valign_top\" style=\"--vwrapper-gap:1rem\"><nav class=\"g-breadcrumbs us_custom_319b9b67 has_text_color us_animate_this separator_icon align_center\" itemscope itemtype=\"http:\/\/schema.org\/BreadcrumbList\"><div class=\"g-breadcrumbs-item\" itemscope itemprop=\"itemListElement\" itemtype=\"http:\/\/schema.org\/ListItem\"><a itemprop=\"item\" href=\"https:\/\/www.corteatenea.it\/fr\/\"><span itemprop=\"name\">Accueil<\/span><\/a><meta itemprop=\"position\" content=\"1\"\/><\/div><div class=\"g-breadcrumbs-separator\"><i class=\"far fa-angle-right\"><\/i><\/div><div class=\"g-breadcrumbs-item\">Pages<\/div><\/nav><h2 class=\"w-post-elm post_title us_custom_b15cdcab has_text_color us_animate_this align_center entry-title color_link_inherit\">Spa et bien-\u00eatre<\/h2><\/div><\/div><\/div><\/div><div class=\"vc_col-sm-2 wpb_column vc_column_container\"><div class=\"vc_column-inner\"><div class=\"wpb_wrapper\"><\/div><\/div><\/div><\/div><div class=\"w-separator size_large\"><\/div><\/div><\/div><\/div><\/div><\/div><\/section>\n<\/div><\/div><\/div><\/div><\/div><\/section><section class=\"l-section wpb_row height_large\"><div class=\"l-section-h i-cf\"><div class=\"g-cols vc_row via_flex valign_top type_default stacking_default\"><div class=\"vc_col-sm-12 wpb_column vc_column_container\"><div class=\"vc_column-inner\"><div class=\"wpb_wrapper\"><div class=\"g-cols wpb_row via_flex valign_top type_default stacking_default\"><div class=\"vc_col-sm-2 wpb_column vc_column_container\"><div class=\"vc_column-inner\"><div class=\"wpb_wrapper\"><\/div><\/div><\/div><div class=\"vc_col-sm-8 wpb_column vc_column_container\"><div class=\"vc_column-inner\"><div class=\"wpb_wrapper\"><h2 class=\"w-text us_custom_eb849559\"><span class=\"w-text-h\"><span class=\"w-text-value\">Salon de d\u00e9tente<\/span><\/span><\/h2><div class=\"wpb_text_column us_custom_eb849559\"><div class=\"wpb_wrapper\"><p>Avec un suppl\u00e9ment, vous pouvez acc\u00e9der \u00e0 la Lounge Relax, un espace r\u00e9serv\u00e9 pour revitaliser le corps et l\u2019esprit. Elle comprend un bain \u00e0 remous, un sauna infrarouge et une zone de d\u00e9tente avec une s\u00e9lection de tisanes.<\/p>\n<\/div><\/div><\/div><\/div><\/div><div class=\"vc_col-sm-2 wpb_column vc_column_container\"><div class=\"vc_column-inner\"><div class=\"wpb_wrapper\"><\/div><\/div><\/div><\/div><div class=\"w-separator size_medium\"><\/div><div class=\"w-gallery fit_cover type_mosaic_hor action_popup_image ratio_1x1 count_0\" style=\"--columns:4;--items-gap:10px;--items-height:30cqw;\"><div class=\"w-gallery-no-results\">Aucun r\u00e9sultat.<\/div><\/div><\/div><\/div><\/div><\/div><\/div><\/section>","protected":false},"excerpt":{"rendered":"AccueilPagesSpa e Benessere Lounge RelaxCon un supplemento, potrai accedere all&#8217;area riservata dove rigenerare corpo e mente. La zona include una vasca idromassaggio, una sauna a infrarossi e un&#8217;area relax con tisane assortite. Aucun r\u00e9sultat.","protected":false},"author":1,"featured_media":35,"parent":0,"menu_order":0,"comment_status":"closed","ping_status":"closed","template":"","meta":{"_acf_changed":false,"footnotes":""},"class_list":["post-20","page","type-page","status-publish","has-post-thumbnail","hentry"],"acf":[],"yoast_head":"<!-- This site is optimized with the Yoast SEO plugin v25.5 - https:\/\/yoast.com\/wordpress\/plugins\/seo\/ -->\n<title>Corte Atenea | Spa e Benessere<\/title>\n<meta name=\"robots\" content=\"index, follow, max-snippet:-1, max-image-preview:large, max-video-preview:-1\" \/>\n<link rel=\"canonical\" href=\"https:\/\/www.corteatenea.it\/fr\/spa\/\" \/>\n<meta property=\"og:locale\" content=\"fr_FR\" \/>\n<meta property=\"og:type\" content=\"article\" \/>\n<meta property=\"og:title\" content=\"Corte Atenea | Spa e Benessere\" \/>\n<meta property=\"og:url\" content=\"https:\/\/www.corteatenea.it\/fr\/spa\/\" \/>\n<meta property=\"og:site_name\" content=\"Corte Atenea\" \/>\n<meta property=\"article:publisher\" content=\"https:\/\/www.facebook.com\/people\/Corte-Atenea-Guest-House-Experience-Spa\/61577293547383\/\" \/>\n<meta property=\"article:modified_time\" content=\"2025-07-22T17:18:37+00:00\" \/>\n<meta property=\"og:image\" content=\"https:\/\/www.corteatenea.it\/wp-content\/uploads\/2025\/07\/CorteAtenea.jpg\" \/>\n\t<meta property=\"og:image:width\" content=\"1200\" \/>\n\t<meta property=\"og:image:height\" content=\"1200\" \/>\n\t<meta property=\"og:image:type\" content=\"image\/jpeg\" \/>\n<meta name=\"twitter:card\" content=\"summary_large_image\" \/>\n<meta name=\"twitter:label1\" content=\"Dur\u00e9e de lecture estim\u00e9e\" \/>\n\t<meta name=\"twitter:data1\" content=\"1 minute\" \/>\n<script type=\"application\/ld+json\" class=\"yoast-schema-graph\">{\"@context\":\"https:\/\/schema.org\",\"@graph\":[{\"@type\":\"WebPage\",\"@id\":\"https:\/\/www.corteatenea.it\/spa\/\",\"url\":\"https:\/\/www.corteatenea.it\/spa\/\",\"name\":\"Corte Atenea | Spa e Benessere\",\"isPartOf\":{\"@id\":\"https:\/\/www.corteatenea.it\/#website\"},\"primaryImageOfPage\":{\"@id\":\"https:\/\/www.corteatenea.it\/spa\/#primaryimage\"},\"image\":{\"@id\":\"https:\/\/www.corteatenea.it\/spa\/#primaryimage\"},\"thumbnailUrl\":\"https:\/\/www.corteatenea.it\/wp-content\/uploads\/2025\/07\/CorteAtenea.jpg\",\"datePublished\":\"2025-07-15T20:17:01+00:00\",\"dateModified\":\"2025-07-22T17:18:37+00:00\",\"breadcrumb\":{\"@id\":\"https:\/\/www.corteatenea.it\/spa\/#breadcrumb\"},\"inLanguage\":\"fr-FR\",\"potentialAction\":[{\"@type\":\"ReadAction\",\"target\":[\"https:\/\/www.corteatenea.it\/spa\/\"]}]},{\"@type\":\"ImageObject\",\"inLanguage\":\"fr-FR\",\"@id\":\"https:\/\/www.corteatenea.it\/spa\/#primaryimage\",\"url\":\"https:\/\/www.corteatenea.it\/wp-content\/uploads\/2025\/07\/CorteAtenea.jpg\",\"contentUrl\":\"https:\/\/www.corteatenea.it\/wp-content\/uploads\/2025\/07\/CorteAtenea.jpg\",\"width\":1200,\"height\":1200},{\"@type\":\"BreadcrumbList\",\"@id\":\"https:\/\/www.corteatenea.it\/spa\/#breadcrumb\",\"itemListElement\":[{\"@type\":\"ListItem\",\"position\":1,\"name\":\"Home\",\"item\":\"https:\/\/www.corteatenea.it\/\"},{\"@type\":\"ListItem\",\"position\":2,\"name\":\"Spa e Benessere\"}]},{\"@type\":\"WebSite\",\"@id\":\"https:\/\/www.corteatenea.it\/#website\",\"url\":\"https:\/\/www.corteatenea.it\/\",\"name\":\"Corte Atenea\",\"description\":\"\",\"publisher\":{\"@id\":\"https:\/\/www.corteatenea.it\/#organization\"},\"potentialAction\":[{\"@type\":\"SearchAction\",\"target\":{\"@type\":\"EntryPoint\",\"urlTemplate\":\"https:\/\/www.corteatenea.it\/?s={search_term_string}\"},\"query-input\":{\"@type\":\"PropertyValueSpecification\",\"valueRequired\":true,\"valueName\":\"search_term_string\"}}],\"inLanguage\":\"fr-FR\"},{\"@type\":\"Organization\",\"@id\":\"https:\/\/www.corteatenea.it\/#organization\",\"name\":\"Corte Atenea\",\"url\":\"https:\/\/www.corteatenea.it\/\",\"logo\":{\"@type\":\"ImageObject\",\"inLanguage\":\"fr-FR\",\"@id\":\"https:\/\/www.corteatenea.it\/#\/schema\/logo\/image\/\",\"url\":\"https:\/\/www.corteatenea.it\/wp-content\/uploads\/2025\/07\/CorteAtenea.jpg\",\"contentUrl\":\"https:\/\/www.corteatenea.it\/wp-content\/uploads\/2025\/07\/CorteAtenea.jpg\",\"width\":1200,\"height\":1200,\"caption\":\"Corte Atenea\"},\"image\":{\"@id\":\"https:\/\/www.corteatenea.it\/#\/schema\/logo\/image\/\"},\"sameAs\":[\"https:\/\/www.facebook.com\/people\/Corte-Atenea-Guest-House-Experience-Spa\/61577293547383\/\",\"https:\/\/www.instagram.com\/corteateneaguesthouse\/\"]}]}<\/script>\n<!-- \/ Yoast SEO plugin. -->","yoast_head_json":{"title":"Corte Atenea | Spa e Benessere","robots":{"index":"index","follow":"follow","max-snippet":"max-snippet:-1","max-image-preview":"max-image-preview:large","max-video-preview":"max-video-preview:-1"},"canonical":"https:\/\/www.corteatenea.it\/fr\/spa\/","og_locale":"fr_FR","og_type":"article","og_title":"Corte Atenea | Spa e Benessere","og_url":"https:\/\/www.corteatenea.it\/fr\/spa\/","og_site_name":"Corte Atenea","article_publisher":"https:\/\/www.facebook.com\/people\/Corte-Atenea-Guest-House-Experience-Spa\/61577293547383\/","article_modified_time":"2025-07-22T17:18:37+00:00","og_image":[{"width":1200,"height":1200,"url":"https:\/\/www.corteatenea.it\/wp-content\/uploads\/2025\/07\/CorteAtenea.jpg","type":"image\/jpeg"}],"twitter_card":"summary_large_image","twitter_misc":{"Dur\u00e9e de lecture estim\u00e9e":"1 minute"},"schema":{"@context":"https:\/\/schema.org","@graph":[{"@type":"WebPage","@id":"https:\/\/www.corteatenea.it\/spa\/","url":"https:\/\/www.corteatenea.it\/spa\/","name":"Corte Atenea | Spa e Benessere","isPartOf":{"@id":"https:\/\/www.corteatenea.it\/#website"},"primaryImageOfPage":{"@id":"https:\/\/www.corteatenea.it\/spa\/#primaryimage"},"image":{"@id":"https:\/\/www.corteatenea.it\/spa\/#primaryimage"},"thumbnailUrl":"https:\/\/www.corteatenea.it\/wp-content\/uploads\/2025\/07\/CorteAtenea.jpg","datePublished":"2025-07-15T20:17:01+00:00","dateModified":"2025-07-22T17:18:37+00:00","breadcrumb":{"@id":"https:\/\/www.corteatenea.it\/spa\/#breadcrumb"},"inLanguage":"fr-FR","potentialAction":[{"@type":"ReadAction","target":["https:\/\/www.corteatenea.it\/spa\/"]}]},{"@type":"ImageObject","inLanguage":"fr-FR","@id":"https:\/\/www.corteatenea.it\/spa\/#primaryimage","url":"https:\/\/www.corteatenea.it\/wp-content\/uploads\/2025\/07\/CorteAtenea.jpg","contentUrl":"https:\/\/www.corteatenea.it\/wp-content\/uploads\/2025\/07\/CorteAtenea.jpg","width":1200,"height":1200},{"@type":"BreadcrumbList","@id":"https:\/\/www.corteatenea.it\/spa\/#breadcrumb","itemListElement":[{"@type":"ListItem","position":1,"name":"Home","item":"https:\/\/www.corteatenea.it\/"},{"@type":"ListItem","position":2,"name":"Spa e Benessere"}]},{"@type":"WebSite","@id":"https:\/\/www.corteatenea.it\/#website","url":"https:\/\/www.corteatenea.it\/","name":"Corte Atenea","description":"","publisher":{"@id":"https:\/\/www.corteatenea.it\/#organization"},"potentialAction":[{"@type":"SearchAction","target":{"@type":"EntryPoint","urlTemplate":"https:\/\/www.corteatenea.it\/?s={search_term_string}"},"query-input":{"@type":"PropertyValueSpecification","valueRequired":true,"valueName":"search_term_string"}}],"inLanguage":"fr-FR"},{"@type":"Organization","@id":"https:\/\/www.corteatenea.it\/#organization","name":"Corte Atenea","url":"https:\/\/www.corteatenea.it\/","logo":{"@type":"ImageObject","inLanguage":"fr-FR","@id":"https:\/\/www.corteatenea.it\/#\/schema\/logo\/image\/","url":"https:\/\/www.corteatenea.it\/wp-content\/uploads\/2025\/07\/CorteAtenea.jpg","contentUrl":"https:\/\/www.corteatenea.it\/wp-content\/uploads\/2025\/07\/CorteAtenea.jpg","width":1200,"height":1200,"caption":"Corte Atenea"},"image":{"@id":"https:\/\/www.corteatenea.it\/#\/schema\/logo\/image\/"},"sameAs":["https:\/\/www.facebook.com\/people\/Corte-Atenea-Guest-House-Experience-Spa\/61577293547383\/","https:\/\/www.instagram.com\/corteateneaguesthouse\/"]}]}},"_links":{"self":[{"href":"https:\/\/www.corteatenea.it\/fr\/wp-json\/wp\/v2\/pages\/20","targetHints":{"allow":["GET"]}}],"collection":[{"href":"https:\/\/www.corteatenea.it\/fr\/wp-json\/wp\/v2\/pages"}],"about":[{"href":"https:\/\/www.corteatenea.it\/fr\/wp-json\/wp\/v2\/types\/page"}],"author":[{"embeddable":true,"href":"https:\/\/www.corteatenea.it\/fr\/wp-json\/wp\/v2\/users\/1"}],"replies":[{"embeddable":true,"href":"https:\/\/www.corteatenea.it\/fr\/wp-json\/wp\/v2\/comments?post=20"}],"version-history":[{"count":0,"href":"https:\/\/www.corteatenea.it\/fr\/wp-json\/wp\/v2\/pages\/20\/revisions"}],"wp:featuredmedia":[{"embeddable":true,"href":"https:\/\/www.corteatenea.it\/fr\/wp-json\/wp\/v2\/media\/35"}],"wp:attachment":[{"href":"https:\/\/www.corteatenea.it\/fr\/wp-json\/wp\/v2\/media?parent=20"}],"curies":[{"name":"wp","href":"https:\/\/api.w.org\/{rel}","templated":true}]}}