{"id":316,"date":"2025-07-18T22:02:27","date_gmt":"2025-07-18T20:02:27","guid":{"rendered":"https:\/\/www.corteatenea.it\/?post_type=product&#038;p=316"},"modified":"2025-07-22T19:23:15","modified_gmt":"2025-07-22T17:23:15","slug":"executive","status":"publish","type":"product","link":"https:\/\/www.corteatenea.it\/es\/executive\/","title":{"rendered":"Executive"},"content":{"rendered":"<p>Disfrute del m\u00e1ximo confort y privacidad en nuestra habitaci\u00f3n executive, un c\u00f3modo refugio dise\u00f1ado para ofrecer una estancia relajante y funcional.<\/p>\n<p>La habitaci\u00f3n est\u00e1 amueblada con una c\u00f3moda cama doble, puertos USB junto a la cama, aire acondicionado, TV de pantalla plana y conexi\u00f3n Wi-Fi gratuita para garantizar una estancia sin preocupaciones. El peque\u00f1o balc\u00f3n privado es el lugar perfecto para relajarse con una bebida refrescante o simplemente respirar el aire fresco de la ciudad.<\/p>\n<p>El cuarto de ba\u00f1o, separado de la espaciosa ducha de la habitaci\u00f3n, est\u00e1 equipado con todas las comodidades esenciales, incluido un exclusivo set de art\u00edculos de tocador y un secador de pelo; nuestro objetivo es que se sienta mimado y completamente a gusto.<\/p>\n<p>Con su dise\u00f1o moderno, ambiente c\u00e1lido y distribuci\u00f3n \u00f3ptima, esta habitaci\u00f3n es la opci\u00f3n ideal para quienes buscan la combinaci\u00f3n perfecta de comodidad, privacidad y estilo.<\/p>\n<p>Al\u00f3jese en nuestra habitaci\u00f3n superior con balc\u00f3n para vivir una experiencia de relax incomparable, donde cada detalle est\u00e1 pensado para que su estancia sea inolvidable.<\/p>","protected":false},"excerpt":{"rendered":"<p>Vivi il massimo del comfort e della privacy nella nostra Camera Executive, un rifugio accogliente progettato per offrire un soggiorno rilassante e funzionale. La camera \u00e8 arredata con un comodo letto matrimoniale, porte USB al comodino, aria condizionata, TV a schermo piatto e Wi-Fi gratuito, per garantirti una permanenza senza pensieri. Il piccolo balcone privato&#8230;<\/p>","protected":false},"featured_media":209,"comment_status":"closed","ping_status":"closed","template":"","meta":{"_acf_changed":false},"product_brand":[],"product_cat":[19],"product_tag":[],"class_list":{"0":"post-316","1":"product","2":"type-product","3":"status-publish","4":"has-post-thumbnail","6":"product_cat-camere","8":"first","9":"instock","10":"shipping-taxable","11":"product-type-simple"},"acf":[],"yoast_head":"<!-- This site is optimized with the Yoast SEO plugin v25.5 - https:\/\/yoast.com\/wordpress\/plugins\/seo\/ -->\n<title>Corte Atenea | Executive<\/title>\n<meta name=\"robots\" content=\"index, follow, max-snippet:-1, max-image-preview:large, max-video-preview:-1\" \/>\n<link rel=\"canonical\" href=\"https:\/\/www.corteatenea.it\/es\/executive\/\" \/>\n<meta property=\"og:locale\" content=\"es_ES\" \/>\n<meta property=\"og:type\" content=\"article\" \/>\n<meta property=\"og:title\" content=\"Corte Atenea | Executive\" \/>\n<meta property=\"og:description\" content=\"Vivi il massimo del comfort e della privacy nella nostra Camera Executive, un rifugio accogliente progettato per offrire un soggiorno rilassante e funzionale. La camera \u00e8 arredata con un comodo letto matrimoniale, porte USB al comodino, aria condizionata, TV a schermo piatto e Wi-Fi gratuito, per garantirti una permanenza senza pensieri. Il piccolo balcone privato...\" \/>\n<meta property=\"og:url\" content=\"https:\/\/www.corteatenea.it\/es\/executive\/\" \/>\n<meta property=\"og:site_name\" content=\"Corte Atenea\" \/>\n<meta property=\"article:publisher\" content=\"https:\/\/www.facebook.com\/people\/Corte-Atenea-Guest-House-Experience-Spa\/61577293547383\/\" \/>\n<meta property=\"article:modified_time\" content=\"2025-07-22T17:23:15+00:00\" \/>\n<meta property=\"og:image\" content=\"https:\/\/www.corteatenea.it\/wp-content\/uploads\/2025\/07\/executive.jpeg\" \/>\n\t<meta property=\"og:image:width\" content=\"1600\" \/>\n\t<meta property=\"og:image:height\" content=\"1067\" \/>\n\t<meta property=\"og:image:type\" content=\"image\/jpeg\" \/>\n<meta name=\"twitter:card\" content=\"summary_large_image\" \/>\n<meta name=\"twitter:label1\" content=\"Tiempo de lectura\" \/>\n\t<meta name=\"twitter:data1\" content=\"2 minutos\" \/>\n<script type=\"application\/ld+json\" class=\"yoast-schema-graph\">{\"@context\":\"https:\/\/schema.org\",\"@graph\":[{\"@type\":\"WebPage\",\"@id\":\"https:\/\/www.corteatenea.it\/executive\/\",\"url\":\"https:\/\/www.corteatenea.it\/executive\/\",\"name\":\"Corte Atenea | Executive\",\"isPartOf\":{\"@id\":\"https:\/\/www.corteatenea.it\/#website\"},\"primaryImageOfPage\":{\"@id\":\"https:\/\/www.corteatenea.it\/executive\/#primaryimage\"},\"image\":{\"@id\":\"https:\/\/www.corteatenea.it\/executive\/#primaryimage\"},\"thumbnailUrl\":\"https:\/\/www.corteatenea.it\/wp-content\/uploads\/2025\/07\/executive.jpeg\",\"datePublished\":\"2025-07-18T20:02:27+00:00\",\"dateModified\":\"2025-07-22T17:23:15+00:00\",\"breadcrumb\":{\"@id\":\"https:\/\/www.corteatenea.it\/executive\/#breadcrumb\"},\"inLanguage\":\"es\",\"potentialAction\":[{\"@type\":\"ReadAction\",\"target\":[\"https:\/\/www.corteatenea.it\/executive\/\"]}]},{\"@type\":\"ImageObject\",\"inLanguage\":\"es\",\"@id\":\"https:\/\/www.corteatenea.it\/executive\/#primaryimage\",\"url\":\"https:\/\/www.corteatenea.it\/wp-content\/uploads\/2025\/07\/executive.jpeg\",\"contentUrl\":\"https:\/\/www.corteatenea.it\/wp-content\/uploads\/2025\/07\/executive.jpeg\",\"width\":1600,\"height\":1067},{\"@type\":\"BreadcrumbList\",\"@id\":\"https:\/\/www.corteatenea.it\/executive\/#breadcrumb\",\"itemListElement\":[{\"@type\":\"ListItem\",\"position\":1,\"name\":\"Home\",\"item\":\"https:\/\/www.corteatenea.it\/\"},{\"@type\":\"ListItem\",\"position\":2,\"name\":\"Productos\",\"item\":\"https:\/\/www.corteatenea.it\/es\/shop\/\"},{\"@type\":\"ListItem\",\"position\":3,\"name\":\"Executive\"}]},{\"@type\":\"WebSite\",\"@id\":\"https:\/\/www.corteatenea.it\/#website\",\"url\":\"https:\/\/www.corteatenea.it\/\",\"name\":\"Corte Atenea\",\"description\":\"\",\"publisher\":{\"@id\":\"https:\/\/www.corteatenea.it\/#organization\"},\"potentialAction\":[{\"@type\":\"SearchAction\",\"target\":{\"@type\":\"EntryPoint\",\"urlTemplate\":\"https:\/\/www.corteatenea.it\/?s={search_term_string}\"},\"query-input\":{\"@type\":\"PropertyValueSpecification\",\"valueRequired\":true,\"valueName\":\"search_term_string\"}}],\"inLanguage\":\"es\"},{\"@type\":\"Organization\",\"@id\":\"https:\/\/www.corteatenea.it\/#organization\",\"name\":\"Corte Atenea\",\"url\":\"https:\/\/www.corteatenea.it\/\",\"logo\":{\"@type\":\"ImageObject\",\"inLanguage\":\"es\",\"@id\":\"https:\/\/www.corteatenea.it\/#\/schema\/logo\/image\/\",\"url\":\"https:\/\/www.corteatenea.it\/wp-content\/uploads\/2025\/07\/CorteAtenea.jpg\",\"contentUrl\":\"https:\/\/www.corteatenea.it\/wp-content\/uploads\/2025\/07\/CorteAtenea.jpg\",\"width\":1200,\"height\":1200,\"caption\":\"Corte Atenea\"},\"image\":{\"@id\":\"https:\/\/www.corteatenea.it\/#\/schema\/logo\/image\/\"},\"sameAs\":[\"https:\/\/www.facebook.com\/people\/Corte-Atenea-Guest-House-Experience-Spa\/61577293547383\/\",\"https:\/\/www.instagram.com\/corteateneaguesthouse\/\"]}]}<\/script>\n<!-- \/ Yoast SEO plugin. -->","yoast_head_json":{"title":"Corte Atenea | Executive","robots":{"index":"index","follow":"follow","max-snippet":"max-snippet:-1","max-image-preview":"max-image-preview:large","max-video-preview":"max-video-preview:-1"},"canonical":"https:\/\/www.corteatenea.it\/es\/executive\/","og_locale":"es_ES","og_type":"article","og_title":"Corte Atenea | Executive","og_description":"Vivi il massimo del comfort e della privacy nella nostra Camera Executive, un rifugio accogliente progettato per offrire un soggiorno rilassante e funzionale. La camera \u00e8 arredata con un comodo letto matrimoniale, porte USB al comodino, aria condizionata, TV a schermo piatto e Wi-Fi gratuito, per garantirti una permanenza senza pensieri. Il piccolo balcone privato...","og_url":"https:\/\/www.corteatenea.it\/es\/executive\/","og_site_name":"Corte Atenea","article_publisher":"https:\/\/www.facebook.com\/people\/Corte-Atenea-Guest-House-Experience-Spa\/61577293547383\/","article_modified_time":"2025-07-22T17:23:15+00:00","og_image":[{"width":1600,"height":1067,"url":"https:\/\/www.corteatenea.it\/wp-content\/uploads\/2025\/07\/executive.jpeg","type":"image\/jpeg"}],"twitter_card":"summary_large_image","twitter_misc":{"Tiempo de lectura":"2 minutos"},"schema":{"@context":"https:\/\/schema.org","@graph":[{"@type":"WebPage","@id":"https:\/\/www.corteatenea.it\/executive\/","url":"https:\/\/www.corteatenea.it\/executive\/","name":"Corte Atenea | Executive","isPartOf":{"@id":"https:\/\/www.corteatenea.it\/#website"},"primaryImageOfPage":{"@id":"https:\/\/www.corteatenea.it\/executive\/#primaryimage"},"image":{"@id":"https:\/\/www.corteatenea.it\/executive\/#primaryimage"},"thumbnailUrl":"https:\/\/www.corteatenea.it\/wp-content\/uploads\/2025\/07\/executive.jpeg","datePublished":"2025-07-18T20:02:27+00:00","dateModified":"2025-07-22T17:23:15+00:00","breadcrumb":{"@id":"https:\/\/www.corteatenea.it\/executive\/#breadcrumb"},"inLanguage":"es","potentialAction":[{"@type":"ReadAction","target":["https:\/\/www.corteatenea.it\/executive\/"]}]},{"@type":"ImageObject","inLanguage":"es","@id":"https:\/\/www.corteatenea.it\/executive\/#primaryimage","url":"https:\/\/www.corteatenea.it\/wp-content\/uploads\/2025\/07\/executive.jpeg","contentUrl":"https:\/\/www.corteatenea.it\/wp-content\/uploads\/2025\/07\/executive.jpeg","width":1600,"height":1067},{"@type":"BreadcrumbList","@id":"https:\/\/www.corteatenea.it\/executive\/#breadcrumb","itemListElement":[{"@type":"ListItem","position":1,"name":"Home","item":"https:\/\/www.corteatenea.it\/"},{"@type":"ListItem","position":2,"name":"Productos","item":"https:\/\/www.corteatenea.it\/es\/shop\/"},{"@type":"ListItem","position":3,"name":"Executive"}]},{"@type":"WebSite","@id":"https:\/\/www.corteatenea.it\/#website","url":"https:\/\/www.corteatenea.it\/","name":"Corte Atenea","description":"","publisher":{"@id":"https:\/\/www.corteatenea.it\/#organization"},"potentialAction":[{"@type":"SearchAction","target":{"@type":"EntryPoint","urlTemplate":"https:\/\/www.corteatenea.it\/?s={search_term_string}"},"query-input":{"@type":"PropertyValueSpecification","valueRequired":true,"valueName":"search_term_string"}}],"inLanguage":"es"},{"@type":"Organization","@id":"https:\/\/www.corteatenea.it\/#organization","name":"Corte Atenea","url":"https:\/\/www.corteatenea.it\/","logo":{"@type":"ImageObject","inLanguage":"es","@id":"https:\/\/www.corteatenea.it\/#\/schema\/logo\/image\/","url":"https:\/\/www.corteatenea.it\/wp-content\/uploads\/2025\/07\/CorteAtenea.jpg","contentUrl":"https:\/\/www.corteatenea.it\/wp-content\/uploads\/2025\/07\/CorteAtenea.jpg","width":1200,"height":1200,"caption":"Corte Atenea"},"image":{"@id":"https:\/\/www.corteatenea.it\/#\/schema\/logo\/image\/"},"sameAs":["https:\/\/www.facebook.com\/people\/Corte-Atenea-Guest-House-Experience-Spa\/61577293547383\/","https:\/\/www.instagram.com\/corteateneaguesthouse\/"]}]}},"_links":{"self":[{"href":"https:\/\/www.corteatenea.it\/es\/wp-json\/wp\/v2\/product\/316","targetHints":{"allow":["GET"]}}],"collection":[{"href":"https:\/\/www.corteatenea.it\/es\/wp-json\/wp\/v2\/product"}],"about":[{"href":"https:\/\/www.corteatenea.it\/es\/wp-json\/wp\/v2\/types\/product"}],"replies":[{"embeddable":true,"href":"https:\/\/www.corteatenea.it\/es\/wp-json\/wp\/v2\/comments?post=316"}],"wp:featuredmedia":[{"embeddable":true,"href":"https:\/\/www.corteatenea.it\/es\/wp-json\/wp\/v2\/media\/209"}],"wp:attachment":[{"href":"https:\/\/www.corteatenea.it\/es\/wp-json\/wp\/v2\/media?parent=316"}],"wp:term":[{"taxonomy":"product_brand","embeddable":true,"href":"https:\/\/www.corteatenea.it\/es\/wp-json\/wp\/v2\/product_brand?post=316"},{"taxonomy":"product_cat","embeddable":true,"href":"https:\/\/www.corteatenea.it\/es\/wp-json\/wp\/v2\/product_cat?post=316"},{"taxonomy":"product_tag","embeddable":true,"href":"https:\/\/www.corteatenea.it\/es\/wp-json\/wp\/v2\/product_tag?post=316"}],"curies":[{"name":"wp","href":"https:\/\/api.w.org\/{rel}","templated":true}]}}