{"id":235,"date":"2025-07-18T20:01:26","date_gmt":"2025-07-18T18:01:26","guid":{"rendered":"https:\/\/www.corteatenea.it\/?page_id=235"},"modified":"2025-07-22T19:26:48","modified_gmt":"2025-07-22T17:26:48","slug":"regolamento","status":"publish","type":"page","link":"https:\/\/www.corteatenea.it\/es\/regolamento\/","title":{"rendered":"Reglamento"},"content":{"rendered":"<section class=\"l-section wpb_row height_auto width_full\"><div class=\"l-section-h i-cf\"><div class=\"g-cols vc_row via_flex valign_top type_default stacking_default\"><div class=\"vc_col-sm-12 wpb_column vc_column_container\"><div class=\"vc_column-inner\"><div class=\"wpb_wrapper\"><section class=\"l-section wpb_row us_custom_b7ce1b94 us_animate_this height_huge width_full\"><div class=\"l-section-overlay\" style=\"background:rgba(0,0,0,0.5)\"><\/div><div class=\"l-section-h i-cf\"><div class=\"g-cols vc_row via_flex valign_top type_default stacking_default\"><div class=\"vc_col-sm-12 wpb_column vc_column_container\"><div class=\"vc_column-inner\"><div class=\"wpb_wrapper\"><div class=\"w-separator size_large\"><\/div><div class=\"g-cols wpb_row via_flex valign_top type_default stacking_default\"><div class=\"vc_col-sm-2 wpb_column vc_column_container\"><div class=\"vc_column-inner\"><div class=\"wpb_wrapper\"><\/div><\/div><\/div><div class=\"vc_col-sm-8 wpb_column vc_column_container\"><div class=\"vc_column-inner\"><div class=\"wpb_wrapper\"><div class=\"w-vwrapper align_none valign_top\" style=\"--vwrapper-gap:1rem\"><nav class=\"g-breadcrumbs us_custom_319b9b67 has_text_color us_animate_this separator_icon align_center\" itemscope itemtype=\"http:\/\/schema.org\/BreadcrumbList\"><div class=\"g-breadcrumbs-item\" itemscope itemprop=\"itemListElement\" itemtype=\"http:\/\/schema.org\/ListItem\"><a itemprop=\"item\" href=\"https:\/\/www.corteatenea.it\/es\/\"><span itemprop=\"name\">Inicio<\/span><\/a><meta itemprop=\"position\" content=\"1\"\/><\/div><div class=\"g-breadcrumbs-separator\"><i class=\"far fa-angle-right\"><\/i><\/div><div class=\"g-breadcrumbs-item\">P\u00e1ginas<\/div><\/nav><h2 class=\"w-post-elm post_title us_custom_b15cdcab has_text_color us_animate_this align_center entry-title color_link_inherit\">Reglamento<\/h2><\/div><\/div><\/div><\/div><div class=\"vc_col-sm-2 wpb_column vc_column_container\"><div class=\"vc_column-inner\"><div class=\"wpb_wrapper\"><\/div><\/div><\/div><\/div><div class=\"w-separator size_large\"><\/div><\/div><\/div><\/div><\/div><\/div><\/section>\n<\/div><\/div><\/div><\/div><\/div><\/section><section class=\"l-section wpb_row height_huge\"><div class=\"l-section-h i-cf\"><div class=\"g-cols vc_row via_flex valign_top type_default stacking_default\"><div class=\"vc_col-sm-12 wpb_column vc_column_container\"><div class=\"vc_column-inner\"><div class=\"wpb_wrapper\"><div class=\"g-cols wpb_row via_flex valign_top type_default stacking_default\"><div class=\"vc_col-sm-8 wpb_column vc_column_container\"><div class=\"vc_column-inner us_custom_8e784a87 us_animate_this\"><div class=\"wpb_wrapper\"><div class=\"w-vwrapper align_none valign_top\" style=\"--vwrapper-gap:0.5rem\"><h2 class=\"w-text\"><span class=\"w-text-h\"><span class=\"w-text-value\">Reglamento interno<\/span><\/span><\/h2><\/div><div class=\"w-separator size_small\"><\/div><div class=\"wpb_text_column\"><div class=\"wpb_wrapper\"><p>Para asegurarte la mejor experiencia posible, aqu\u00ed hay algunos detalles importantes que debes saber antes de tu estancia:<\/p>\n<ul>\n<li><strong>Check-in:<\/strong> A su llegada, le pediremos que proporcione un documento de identidad v\u00e1lido con foto (tambi\u00e9n para menores) y una tarjeta de cr\u00e9dito. Para facilitar el proceso de registro, le pedimos que nos informe de su hora prevista de llegada con al menos 24 horas de antelaci\u00f3n. No hacerlo puede causar retrasos o dificultades en su registro (esto no ser\u00e1 motivo de reclamaci\u00f3n o solicitud de reembolso).<\/li>\n<li><strong>Llegada despu\u00e9s de las 19:30:<\/strong> Si piensa llegar despu\u00e9s de las 19:30, por favor inf\u00f3rmenos con antelaci\u00f3n. Las llegadas tard\u00edas solo ser\u00e1n posibles con una confirmaci\u00f3n por escrito y conllevar\u00e1n un suplemento.<\/li>\n<li><strong>Solicitudes especiales:<\/strong> Se atender\u00e1n seg\u00fan disponibilidad y pueden conllevar cargos adicionales.<\/li>\n<li><strong>Salida tard\u00eda<\/strong>: Bajo petici\u00f3n, sujeto a disponibilidad y por un suplemento.<\/li>\n<li><strong>Reglas de la casa:<\/strong> Para asegurar el m\u00e1ximo confort para todos los hu\u00e9spedes, fiestas o eventos no est\u00e1n permitidos en la propiedad. Est\u00e1 estrictamente prohibido fumar, traer o consumir alcohol o sustancias ilegales. El acceso est\u00e1 reservado exclusivamente a los clientes registrados.<\/li>\n<li><strong>Menores:<\/strong> Es necesario que los menores est\u00e9n acompa\u00f1ados por un padre o tutor y que tengan un documento de identidad con foto v\u00e1lido para entrar.<\/li>\n<li><strong>Impuesto de estancia:<\/strong> No incluido en el precio y debe ser pagado por separado a la llegada.<\/li>\n<li><strong>Dep\u00f3sito de garant\u00eda:<\/strong> Se requiere un dep\u00f3sito de seguridad a la llegada, que ser\u00e1 reembolsado despu\u00e9s de una verificaci\u00f3n del estado de la vivienda.<\/li>\n<\/ul>\n<h3>Pol\u00edtica de cancelaci\u00f3n<\/h3>\n<ul>\n<li><strong>Tarifas reducidas no reembolsables:<\/strong> No se proporciona ning\u00fan reembolso.<\/li>\n<li><strong>Cancelaci\u00f3n gratuita:<\/strong> Hasta 14 d\u00edas antes de la fecha de llegada para tarifas que lo permitan.<\/li>\n<li><strong>Cancelaci\u00f3n despu\u00e9s de la fecha l\u00edmite o no presentaci\u00f3n:<\/strong> Se cobrar\u00e1 el 100% del importe total de la reserva.<\/li>\n<li><strong>Cambios de reserva:<\/strong> Sujeto a disponibilidad y puede causar un cambio en la cantidad adeudada.<\/li>\n<\/ul>\n<p>Le recomendamos que siempre revise las condiciones espec\u00edficas en el momento de la reserva, ya que pueden variar seg\u00fan las ofertas especiales o los paquetes promocionales.<\/p>\n<\/div><\/div><\/div><\/div><\/div><div class=\"vc_col-sm-4 wpb_column vc_column_container\"><div class=\"vc_column-inner us_custom_135e11d2 us_animate_this type_sticky\"><div class=\"wpb_wrapper\"><div class=\"w-separator size_small\"><\/div><div class=\"w-iconbox us_custom_43967dc4 iconpos_left style_default color_primary align_left\"><a target=\"_blank\" href=\"https:\/\/maps.app.goo.gl\/Hti43CQedRPwCYVw5\" class=\"w-iconbox-link\" aria-label=\"Ubicaci\u00f3n\"><div class=\"w-iconbox-icon\" style=\"font-size:30px;\"><i class=\"fal fa-map-marker-alt\"><\/i><\/div><\/a><div class=\"w-iconbox-meta\"><h4 class=\"w-iconbox-title\"><a target=\"_blank\" href=\"https:\/\/maps.app.goo.gl\/Hti43CQedRPwCYVw5\" class=\"w-iconbox-link\" aria-label=\"Ubicaci\u00f3n\">Ubicaci\u00f3n<\/a><\/h4><div class=\"w-iconbox-text\"><p><a href=\"https:\/\/maps.app.goo.gl\/Hti43CQedRPwCYVw5\" target=\"_blank\" rel=\"noopener\">Via Ficani, 26, 92100 Agrigento AG, Italia<\/a><\/p>\n<\/div><\/div><\/div><div class=\"w-separator size_medium\"><\/div><div class=\"w-iconbox us_custom_43967dc4 iconpos_left style_default color_primary align_left\"><a target=\"_blank\" href=\"\/es\/Ll\u00e1manos ahora\/\" class=\"w-iconbox-link\" aria-label=\"Tel\u00e9fono\"><div class=\"w-iconbox-icon\" style=\"font-size:30px;\"><i class=\"fal fa-phone-alt\"><\/i><\/div><\/a><div class=\"w-iconbox-meta\"><h4 class=\"w-iconbox-title\"><a target=\"_blank\" href=\"\/es\/Ll\u00e1manos ahora\/\" class=\"w-iconbox-link\" aria-label=\"Tel\u00e9fono\">Tel\u00e9fono<\/a><\/h4><div class=\"w-iconbox-text\"><p><a href=\"\/es\/Ll\u00e1manos ahora\/\">+39 393 186 4800<\/a><\/p>\n<\/div><\/div><\/div><div class=\"w-separator size_medium\"><\/div><div class=\"w-iconbox us_custom_43967dc4 iconpos_left style_default color_primary align_left\"><div class=\"w-iconbox-icon\" style=\"font-size:30px;\"><i class=\"fal fa-clock\"><\/i><\/div><div class=\"w-iconbox-meta\"><h4 class=\"w-iconbox-title\">Horarios<\/h4><div class=\"w-iconbox-text\"><p>Check-in: De 13:00 a 19:00 horas<br \/>\nSalida: A las 10:00 horas<\/p>\n<\/div><\/div><\/div><\/div><\/div><\/div><\/div><\/div><\/div><\/div><\/div><\/div><\/section>","protected":false},"excerpt":{"rendered":"InicioP\u00e1ginasRegolamento Regole della casaPer garantirvi la migliore accoglienza, ecco alcune informazioni importanti da conoscere prima del vostro soggiorno: Check-in: Al momento del check-in, vi chiederemo di presentare un documento d\u2019identit\u00e0 con foto (anche per i minori) e una carta di credito. Per una gestione pi\u00f9 fluida, vi chiediamo gentilmente di comunicarci l&#8217;orario di arrivo almeno...","protected":false},"author":1,"featured_media":35,"parent":0,"menu_order":0,"comment_status":"closed","ping_status":"closed","template":"","meta":{"_acf_changed":false,"footnotes":""},"class_list":["post-235","page","type-page","status-publish","has-post-thumbnail","hentry"],"acf":[],"yoast_head":"<!-- This site is optimized with the Yoast SEO plugin v25.5 - https:\/\/yoast.com\/wordpress\/plugins\/seo\/ -->\n<title>Corte Atenea | Regolamento<\/title>\n<meta name=\"robots\" content=\"index, follow, max-snippet:-1, max-image-preview:large, max-video-preview:-1\" \/>\n<link rel=\"canonical\" href=\"https:\/\/www.corteatenea.it\/es\/regolamento\/\" \/>\n<meta property=\"og:locale\" content=\"es_ES\" \/>\n<meta property=\"og:type\" content=\"article\" \/>\n<meta property=\"og:title\" content=\"Corte Atenea | Regolamento\" \/>\n<meta property=\"og:url\" content=\"https:\/\/www.corteatenea.it\/es\/regolamento\/\" \/>\n<meta property=\"og:site_name\" content=\"Corte Atenea\" \/>\n<meta property=\"article:publisher\" content=\"https:\/\/www.facebook.com\/people\/Corte-Atenea-Guest-House-Experience-Spa\/61577293547383\/\" \/>\n<meta property=\"article:modified_time\" content=\"2025-07-22T17:26:48+00:00\" \/>\n<meta property=\"og:image\" content=\"https:\/\/www.corteatenea.it\/wp-content\/uploads\/2025\/07\/CorteAtenea.jpg\" \/>\n\t<meta property=\"og:image:width\" content=\"1200\" \/>\n\t<meta property=\"og:image:height\" content=\"1200\" \/>\n\t<meta property=\"og:image:type\" content=\"image\/jpeg\" \/>\n<meta name=\"twitter:card\" content=\"summary_large_image\" \/>\n<meta name=\"twitter:label1\" content=\"Tiempo de lectura\" \/>\n\t<meta name=\"twitter:data1\" content=\"3 minutos\" \/>\n<script type=\"application\/ld+json\" class=\"yoast-schema-graph\">{\"@context\":\"https:\/\/schema.org\",\"@graph\":[{\"@type\":\"WebPage\",\"@id\":\"https:\/\/www.corteatenea.it\/regolamento\/\",\"url\":\"https:\/\/www.corteatenea.it\/regolamento\/\",\"name\":\"Corte Atenea | Regolamento\",\"isPartOf\":{\"@id\":\"https:\/\/www.corteatenea.it\/#website\"},\"primaryImageOfPage\":{\"@id\":\"https:\/\/www.corteatenea.it\/regolamento\/#primaryimage\"},\"image\":{\"@id\":\"https:\/\/www.corteatenea.it\/regolamento\/#primaryimage\"},\"thumbnailUrl\":\"https:\/\/www.corteatenea.it\/wp-content\/uploads\/2025\/07\/CorteAtenea.jpg\",\"datePublished\":\"2025-07-18T18:01:26+00:00\",\"dateModified\":\"2025-07-22T17:26:48+00:00\",\"breadcrumb\":{\"@id\":\"https:\/\/www.corteatenea.it\/regolamento\/#breadcrumb\"},\"inLanguage\":\"es\",\"potentialAction\":[{\"@type\":\"ReadAction\",\"target\":[\"https:\/\/www.corteatenea.it\/regolamento\/\"]}]},{\"@type\":\"ImageObject\",\"inLanguage\":\"es\",\"@id\":\"https:\/\/www.corteatenea.it\/regolamento\/#primaryimage\",\"url\":\"https:\/\/www.corteatenea.it\/wp-content\/uploads\/2025\/07\/CorteAtenea.jpg\",\"contentUrl\":\"https:\/\/www.corteatenea.it\/wp-content\/uploads\/2025\/07\/CorteAtenea.jpg\",\"width\":1200,\"height\":1200},{\"@type\":\"BreadcrumbList\",\"@id\":\"https:\/\/www.corteatenea.it\/regolamento\/#breadcrumb\",\"itemListElement\":[{\"@type\":\"ListItem\",\"position\":1,\"name\":\"Home\",\"item\":\"https:\/\/www.corteatenea.it\/\"},{\"@type\":\"ListItem\",\"position\":2,\"name\":\"Regolamento\"}]},{\"@type\":\"WebSite\",\"@id\":\"https:\/\/www.corteatenea.it\/#website\",\"url\":\"https:\/\/www.corteatenea.it\/\",\"name\":\"Corte Atenea\",\"description\":\"\",\"publisher\":{\"@id\":\"https:\/\/www.corteatenea.it\/#organization\"},\"potentialAction\":[{\"@type\":\"SearchAction\",\"target\":{\"@type\":\"EntryPoint\",\"urlTemplate\":\"https:\/\/www.corteatenea.it\/?s={search_term_string}\"},\"query-input\":{\"@type\":\"PropertyValueSpecification\",\"valueRequired\":true,\"valueName\":\"search_term_string\"}}],\"inLanguage\":\"es\"},{\"@type\":\"Organization\",\"@id\":\"https:\/\/www.corteatenea.it\/#organization\",\"name\":\"Corte Atenea\",\"url\":\"https:\/\/www.corteatenea.it\/\",\"logo\":{\"@type\":\"ImageObject\",\"inLanguage\":\"es\",\"@id\":\"https:\/\/www.corteatenea.it\/#\/schema\/logo\/image\/\",\"url\":\"https:\/\/www.corteatenea.it\/wp-content\/uploads\/2025\/07\/CorteAtenea.jpg\",\"contentUrl\":\"https:\/\/www.corteatenea.it\/wp-content\/uploads\/2025\/07\/CorteAtenea.jpg\",\"width\":1200,\"height\":1200,\"caption\":\"Corte Atenea\"},\"image\":{\"@id\":\"https:\/\/www.corteatenea.it\/#\/schema\/logo\/image\/\"},\"sameAs\":[\"https:\/\/www.facebook.com\/people\/Corte-Atenea-Guest-House-Experience-Spa\/61577293547383\/\",\"https:\/\/www.instagram.com\/corteateneaguesthouse\/\"]}]}<\/script>\n<!-- \/ Yoast SEO plugin. -->","yoast_head_json":{"title":"Corte Atenea | Regolamento","robots":{"index":"index","follow":"follow","max-snippet":"max-snippet:-1","max-image-preview":"max-image-preview:large","max-video-preview":"max-video-preview:-1"},"canonical":"https:\/\/www.corteatenea.it\/es\/regolamento\/","og_locale":"es_ES","og_type":"article","og_title":"Corte Atenea | Regolamento","og_url":"https:\/\/www.corteatenea.it\/es\/regolamento\/","og_site_name":"Corte Atenea","article_publisher":"https:\/\/www.facebook.com\/people\/Corte-Atenea-Guest-House-Experience-Spa\/61577293547383\/","article_modified_time":"2025-07-22T17:26:48+00:00","og_image":[{"width":1200,"height":1200,"url":"https:\/\/www.corteatenea.it\/wp-content\/uploads\/2025\/07\/CorteAtenea.jpg","type":"image\/jpeg"}],"twitter_card":"summary_large_image","twitter_misc":{"Tiempo de lectura":"3 minutos"},"schema":{"@context":"https:\/\/schema.org","@graph":[{"@type":"WebPage","@id":"https:\/\/www.corteatenea.it\/regolamento\/","url":"https:\/\/www.corteatenea.it\/regolamento\/","name":"Corte Atenea | Regolamento","isPartOf":{"@id":"https:\/\/www.corteatenea.it\/#website"},"primaryImageOfPage":{"@id":"https:\/\/www.corteatenea.it\/regolamento\/#primaryimage"},"image":{"@id":"https:\/\/www.corteatenea.it\/regolamento\/#primaryimage"},"thumbnailUrl":"https:\/\/www.corteatenea.it\/wp-content\/uploads\/2025\/07\/CorteAtenea.jpg","datePublished":"2025-07-18T18:01:26+00:00","dateModified":"2025-07-22T17:26:48+00:00","breadcrumb":{"@id":"https:\/\/www.corteatenea.it\/regolamento\/#breadcrumb"},"inLanguage":"es","potentialAction":[{"@type":"ReadAction","target":["https:\/\/www.corteatenea.it\/regolamento\/"]}]},{"@type":"ImageObject","inLanguage":"es","@id":"https:\/\/www.corteatenea.it\/regolamento\/#primaryimage","url":"https:\/\/www.corteatenea.it\/wp-content\/uploads\/2025\/07\/CorteAtenea.jpg","contentUrl":"https:\/\/www.corteatenea.it\/wp-content\/uploads\/2025\/07\/CorteAtenea.jpg","width":1200,"height":1200},{"@type":"BreadcrumbList","@id":"https:\/\/www.corteatenea.it\/regolamento\/#breadcrumb","itemListElement":[{"@type":"ListItem","position":1,"name":"Home","item":"https:\/\/www.corteatenea.it\/"},{"@type":"ListItem","position":2,"name":"Regolamento"}]},{"@type":"WebSite","@id":"https:\/\/www.corteatenea.it\/#website","url":"https:\/\/www.corteatenea.it\/","name":"Corte Atenea","description":"","publisher":{"@id":"https:\/\/www.corteatenea.it\/#organization"},"potentialAction":[{"@type":"SearchAction","target":{"@type":"EntryPoint","urlTemplate":"https:\/\/www.corteatenea.it\/?s={search_term_string}"},"query-input":{"@type":"PropertyValueSpecification","valueRequired":true,"valueName":"search_term_string"}}],"inLanguage":"es"},{"@type":"Organization","@id":"https:\/\/www.corteatenea.it\/#organization","name":"Corte Atenea","url":"https:\/\/www.corteatenea.it\/","logo":{"@type":"ImageObject","inLanguage":"es","@id":"https:\/\/www.corteatenea.it\/#\/schema\/logo\/image\/","url":"https:\/\/www.corteatenea.it\/wp-content\/uploads\/2025\/07\/CorteAtenea.jpg","contentUrl":"https:\/\/www.corteatenea.it\/wp-content\/uploads\/2025\/07\/CorteAtenea.jpg","width":1200,"height":1200,"caption":"Corte Atenea"},"image":{"@id":"https:\/\/www.corteatenea.it\/#\/schema\/logo\/image\/"},"sameAs":["https:\/\/www.facebook.com\/people\/Corte-Atenea-Guest-House-Experience-Spa\/61577293547383\/","https:\/\/www.instagram.com\/corteateneaguesthouse\/"]}]}},"_links":{"self":[{"href":"https:\/\/www.corteatenea.it\/es\/wp-json\/wp\/v2\/pages\/235","targetHints":{"allow":["GET"]}}],"collection":[{"href":"https:\/\/www.corteatenea.it\/es\/wp-json\/wp\/v2\/pages"}],"about":[{"href":"https:\/\/www.corteatenea.it\/es\/wp-json\/wp\/v2\/types\/page"}],"author":[{"embeddable":true,"href":"https:\/\/www.corteatenea.it\/es\/wp-json\/wp\/v2\/users\/1"}],"replies":[{"embeddable":true,"href":"https:\/\/www.corteatenea.it\/es\/wp-json\/wp\/v2\/comments?post=235"}],"version-history":[{"count":0,"href":"https:\/\/www.corteatenea.it\/es\/wp-json\/wp\/v2\/pages\/235\/revisions"}],"wp:featuredmedia":[{"embeddable":true,"href":"https:\/\/www.corteatenea.it\/es\/wp-json\/wp\/v2\/media\/35"}],"wp:attachment":[{"href":"https:\/\/www.corteatenea.it\/es\/wp-json\/wp\/v2\/media?parent=235"}],"curies":[{"name":"wp","href":"https:\/\/api.w.org\/{rel}","templated":true}]}}