{"id":318,"date":"2025-07-18T22:04:02","date_gmt":"2025-07-18T20:04:02","guid":{"rendered":"https:\/\/www.corteatenea.it\/?post_type=product&#038;p=318"},"modified":"2025-07-22T19:23:07","modified_gmt":"2025-07-22T17:23:07","slug":"superior","status":"publish","type":"product","link":"https:\/\/www.corteatenea.it\/de\/superior\/","title":{"rendered":"Superior"},"content":{"rendered":"<p>Superiorzimmer im Erdgeschoss, ein unabh\u00e4ngiger R\u00fcckzugsort, der Ihnen maximalen Komfort und Privatsph\u00e4re bietet. Das geschmackvoll eingerichtete Zimmer ist ein perfektes Gleichgewicht zwischen Stil und Funktionalit\u00e4t, ideal f\u00fcr alle, die einen entspannten Aufenthalt suchen.<\/p>\n<p>Im Zimmer finden Sie ein gem\u00fctliches Doppelbett, in dem Sie nach einem Tag voller Entdeckungen neue Energie tanken k\u00f6nnen. USB-Anschl\u00fcsse an den Nachttischen sorgen daf\u00fcr, dass Sie jederzeit mit dem Internet verbunden sind, und es gibt eine Klimaanlage, einen Flachbildfernseher und kostenloses WLAN. Das eigene Bad mit Dusche ist mit allem Komfort ausgestattet.<\/p>","protected":false},"excerpt":{"rendered":"<p>La nostra camera superior al piano terra, un rifugio indipendente pensato per offrirti il massimo del comfort e della riservatezza. Arredata con gusto, questa camera \u00e8 un perfetto equilibrio tra storia, stile e funzionalit\u00e0, ideale per chi cerca un soggiorno rilassante. All&#8217;interno, troverai un accogliente letto matrimoniale, perfetto per ricaricare le energie dopo una giornata&#8230;<\/p>","protected":false},"featured_media":211,"comment_status":"closed","ping_status":"closed","template":"","meta":{"_acf_changed":false},"product_brand":[],"product_cat":[19],"product_tag":[],"class_list":{"0":"post-318","1":"product","2":"type-product","3":"status-publish","4":"has-post-thumbnail","6":"product_cat-camere","8":"first","9":"instock","10":"shipping-taxable","11":"product-type-simple"},"acf":[],"yoast_head":"<!-- This site is optimized with the Yoast SEO plugin v25.5 - https:\/\/yoast.com\/wordpress\/plugins\/seo\/ -->\n<title>Corte Atenea | Superior<\/title>\n<meta name=\"robots\" content=\"index, follow, max-snippet:-1, max-image-preview:large, max-video-preview:-1\" \/>\n<link rel=\"canonical\" href=\"https:\/\/www.corteatenea.it\/de\/superior\/\" \/>\n<meta property=\"og:locale\" content=\"de_DE\" \/>\n<meta property=\"og:type\" content=\"article\" \/>\n<meta property=\"og:title\" content=\"Corte Atenea | Superior\" \/>\n<meta property=\"og:description\" content=\"La nostra camera superior al piano terra, un rifugio indipendente pensato per offrirti il massimo del comfort e della riservatezza. Arredata con gusto, questa camera \u00e8 un perfetto equilibrio tra storia, stile e funzionalit\u00e0, ideale per chi cerca un soggiorno rilassante. All&#8217;interno, troverai un accogliente letto matrimoniale, perfetto per ricaricare le energie dopo una giornata...\" \/>\n<meta property=\"og:url\" content=\"https:\/\/www.corteatenea.it\/de\/superior\/\" \/>\n<meta property=\"og:site_name\" content=\"Corte Atenea\" \/>\n<meta property=\"article:publisher\" content=\"https:\/\/www.facebook.com\/people\/Corte-Atenea-Guest-House-Experience-Spa\/61577293547383\/\" \/>\n<meta property=\"article:modified_time\" content=\"2025-07-22T17:23:07+00:00\" \/>\n<meta property=\"og:image\" content=\"https:\/\/www.corteatenea.it\/wp-content\/uploads\/2025\/07\/superior.jpeg\" \/>\n\t<meta property=\"og:image:width\" content=\"1600\" \/>\n\t<meta property=\"og:image:height\" content=\"1067\" \/>\n\t<meta property=\"og:image:type\" content=\"image\/jpeg\" \/>\n<meta name=\"twitter:card\" content=\"summary_large_image\" \/>\n<meta name=\"twitter:label1\" content=\"Gesch\u00e4tzte Lesezeit\" \/>\n\t<meta name=\"twitter:data1\" content=\"1\u00a0Minute\" \/>\n<script type=\"application\/ld+json\" class=\"yoast-schema-graph\">{\"@context\":\"https:\/\/schema.org\",\"@graph\":[{\"@type\":\"WebPage\",\"@id\":\"https:\/\/www.corteatenea.it\/superior\/\",\"url\":\"https:\/\/www.corteatenea.it\/superior\/\",\"name\":\"Corte Atenea | Superior\",\"isPartOf\":{\"@id\":\"https:\/\/www.corteatenea.it\/#website\"},\"primaryImageOfPage\":{\"@id\":\"https:\/\/www.corteatenea.it\/superior\/#primaryimage\"},\"image\":{\"@id\":\"https:\/\/www.corteatenea.it\/superior\/#primaryimage\"},\"thumbnailUrl\":\"https:\/\/www.corteatenea.it\/wp-content\/uploads\/2025\/07\/superior.jpeg\",\"datePublished\":\"2025-07-18T20:04:02+00:00\",\"dateModified\":\"2025-07-22T17:23:07+00:00\",\"breadcrumb\":{\"@id\":\"https:\/\/www.corteatenea.it\/superior\/#breadcrumb\"},\"inLanguage\":\"de\",\"potentialAction\":[{\"@type\":\"ReadAction\",\"target\":[\"https:\/\/www.corteatenea.it\/superior\/\"]}]},{\"@type\":\"ImageObject\",\"inLanguage\":\"de\",\"@id\":\"https:\/\/www.corteatenea.it\/superior\/#primaryimage\",\"url\":\"https:\/\/www.corteatenea.it\/wp-content\/uploads\/2025\/07\/superior.jpeg\",\"contentUrl\":\"https:\/\/www.corteatenea.it\/wp-content\/uploads\/2025\/07\/superior.jpeg\",\"width\":1600,\"height\":1067},{\"@type\":\"BreadcrumbList\",\"@id\":\"https:\/\/www.corteatenea.it\/superior\/#breadcrumb\",\"itemListElement\":[{\"@type\":\"ListItem\",\"position\":1,\"name\":\"Home\",\"item\":\"https:\/\/www.corteatenea.it\/\"},{\"@type\":\"ListItem\",\"position\":2,\"name\":\"Productos\",\"item\":\"https:\/\/www.corteatenea.it\/es\/shop\/\"},{\"@type\":\"ListItem\",\"position\":3,\"name\":\"Superior\"}]},{\"@type\":\"WebSite\",\"@id\":\"https:\/\/www.corteatenea.it\/#website\",\"url\":\"https:\/\/www.corteatenea.it\/\",\"name\":\"Corte Atenea\",\"description\":\"\",\"publisher\":{\"@id\":\"https:\/\/www.corteatenea.it\/#organization\"},\"potentialAction\":[{\"@type\":\"SearchAction\",\"target\":{\"@type\":\"EntryPoint\",\"urlTemplate\":\"https:\/\/www.corteatenea.it\/?s={search_term_string}\"},\"query-input\":{\"@type\":\"PropertyValueSpecification\",\"valueRequired\":true,\"valueName\":\"search_term_string\"}}],\"inLanguage\":\"de\"},{\"@type\":\"Organization\",\"@id\":\"https:\/\/www.corteatenea.it\/#organization\",\"name\":\"Corte Atenea\",\"url\":\"https:\/\/www.corteatenea.it\/\",\"logo\":{\"@type\":\"ImageObject\",\"inLanguage\":\"de\",\"@id\":\"https:\/\/www.corteatenea.it\/#\/schema\/logo\/image\/\",\"url\":\"https:\/\/www.corteatenea.it\/wp-content\/uploads\/2025\/07\/CorteAtenea.jpg\",\"contentUrl\":\"https:\/\/www.corteatenea.it\/wp-content\/uploads\/2025\/07\/CorteAtenea.jpg\",\"width\":1200,\"height\":1200,\"caption\":\"Corte Atenea\"},\"image\":{\"@id\":\"https:\/\/www.corteatenea.it\/#\/schema\/logo\/image\/\"},\"sameAs\":[\"https:\/\/www.facebook.com\/people\/Corte-Atenea-Guest-House-Experience-Spa\/61577293547383\/\",\"https:\/\/www.instagram.com\/corteateneaguesthouse\/\"]}]}<\/script>\n<!-- \/ Yoast SEO plugin. -->","yoast_head_json":{"title":"Corte Atenea | Superior","robots":{"index":"index","follow":"follow","max-snippet":"max-snippet:-1","max-image-preview":"max-image-preview:large","max-video-preview":"max-video-preview:-1"},"canonical":"https:\/\/www.corteatenea.it\/de\/superior\/","og_locale":"de_DE","og_type":"article","og_title":"Corte Atenea | Superior","og_description":"La nostra camera superior al piano terra, un rifugio indipendente pensato per offrirti il massimo del comfort e della riservatezza. Arredata con gusto, questa camera \u00e8 un perfetto equilibrio tra storia, stile e funzionalit\u00e0, ideale per chi cerca un soggiorno rilassante. All&#8217;interno, troverai un accogliente letto matrimoniale, perfetto per ricaricare le energie dopo una giornata...","og_url":"https:\/\/www.corteatenea.it\/de\/superior\/","og_site_name":"Corte Atenea","article_publisher":"https:\/\/www.facebook.com\/people\/Corte-Atenea-Guest-House-Experience-Spa\/61577293547383\/","article_modified_time":"2025-07-22T17:23:07+00:00","og_image":[{"width":1600,"height":1067,"url":"https:\/\/www.corteatenea.it\/wp-content\/uploads\/2025\/07\/superior.jpeg","type":"image\/jpeg"}],"twitter_card":"summary_large_image","twitter_misc":{"Gesch\u00e4tzte Lesezeit":"1\u00a0Minute"},"schema":{"@context":"https:\/\/schema.org","@graph":[{"@type":"WebPage","@id":"https:\/\/www.corteatenea.it\/superior\/","url":"https:\/\/www.corteatenea.it\/superior\/","name":"Corte Atenea | Superior","isPartOf":{"@id":"https:\/\/www.corteatenea.it\/#website"},"primaryImageOfPage":{"@id":"https:\/\/www.corteatenea.it\/superior\/#primaryimage"},"image":{"@id":"https:\/\/www.corteatenea.it\/superior\/#primaryimage"},"thumbnailUrl":"https:\/\/www.corteatenea.it\/wp-content\/uploads\/2025\/07\/superior.jpeg","datePublished":"2025-07-18T20:04:02+00:00","dateModified":"2025-07-22T17:23:07+00:00","breadcrumb":{"@id":"https:\/\/www.corteatenea.it\/superior\/#breadcrumb"},"inLanguage":"de","potentialAction":[{"@type":"ReadAction","target":["https:\/\/www.corteatenea.it\/superior\/"]}]},{"@type":"ImageObject","inLanguage":"de","@id":"https:\/\/www.corteatenea.it\/superior\/#primaryimage","url":"https:\/\/www.corteatenea.it\/wp-content\/uploads\/2025\/07\/superior.jpeg","contentUrl":"https:\/\/www.corteatenea.it\/wp-content\/uploads\/2025\/07\/superior.jpeg","width":1600,"height":1067},{"@type":"BreadcrumbList","@id":"https:\/\/www.corteatenea.it\/superior\/#breadcrumb","itemListElement":[{"@type":"ListItem","position":1,"name":"Home","item":"https:\/\/www.corteatenea.it\/"},{"@type":"ListItem","position":2,"name":"Productos","item":"https:\/\/www.corteatenea.it\/es\/shop\/"},{"@type":"ListItem","position":3,"name":"Superior"}]},{"@type":"WebSite","@id":"https:\/\/www.corteatenea.it\/#website","url":"https:\/\/www.corteatenea.it\/","name":"Corte Atenea","description":"","publisher":{"@id":"https:\/\/www.corteatenea.it\/#organization"},"potentialAction":[{"@type":"SearchAction","target":{"@type":"EntryPoint","urlTemplate":"https:\/\/www.corteatenea.it\/?s={search_term_string}"},"query-input":{"@type":"PropertyValueSpecification","valueRequired":true,"valueName":"search_term_string"}}],"inLanguage":"de"},{"@type":"Organization","@id":"https:\/\/www.corteatenea.it\/#organization","name":"Corte Atenea","url":"https:\/\/www.corteatenea.it\/","logo":{"@type":"ImageObject","inLanguage":"de","@id":"https:\/\/www.corteatenea.it\/#\/schema\/logo\/image\/","url":"https:\/\/www.corteatenea.it\/wp-content\/uploads\/2025\/07\/CorteAtenea.jpg","contentUrl":"https:\/\/www.corteatenea.it\/wp-content\/uploads\/2025\/07\/CorteAtenea.jpg","width":1200,"height":1200,"caption":"Corte Atenea"},"image":{"@id":"https:\/\/www.corteatenea.it\/#\/schema\/logo\/image\/"},"sameAs":["https:\/\/www.facebook.com\/people\/Corte-Atenea-Guest-House-Experience-Spa\/61577293547383\/","https:\/\/www.instagram.com\/corteateneaguesthouse\/"]}]}},"_links":{"self":[{"href":"https:\/\/www.corteatenea.it\/de\/wp-json\/wp\/v2\/product\/318","targetHints":{"allow":["GET"]}}],"collection":[{"href":"https:\/\/www.corteatenea.it\/de\/wp-json\/wp\/v2\/product"}],"about":[{"href":"https:\/\/www.corteatenea.it\/de\/wp-json\/wp\/v2\/types\/product"}],"replies":[{"embeddable":true,"href":"https:\/\/www.corteatenea.it\/de\/wp-json\/wp\/v2\/comments?post=318"}],"wp:featuredmedia":[{"embeddable":true,"href":"https:\/\/www.corteatenea.it\/de\/wp-json\/wp\/v2\/media\/211"}],"wp:attachment":[{"href":"https:\/\/www.corteatenea.it\/de\/wp-json\/wp\/v2\/media?parent=318"}],"wp:term":[{"taxonomy":"product_brand","embeddable":true,"href":"https:\/\/www.corteatenea.it\/de\/wp-json\/wp\/v2\/product_brand?post=318"},{"taxonomy":"product_cat","embeddable":true,"href":"https:\/\/www.corteatenea.it\/de\/wp-json\/wp\/v2\/product_cat?post=318"},{"taxonomy":"product_tag","embeddable":true,"href":"https:\/\/www.corteatenea.it\/de\/wp-json\/wp\/v2\/product_tag?post=318"}],"curies":[{"name":"wp","href":"https:\/\/api.w.org\/{rel}","templated":true}]}}