{"id":310,"date":"2025-07-18T21:59:35","date_gmt":"2025-07-18T19:59:35","guid":{"rendered":"https:\/\/www.corteatenea.it\/?post_type=product&#038;p=310"},"modified":"2025-07-22T19:23:30","modified_gmt":"2025-07-22T17:23:30","slug":"junior-suite","status":"publish","type":"product","link":"https:\/\/www.corteatenea.it\/de\/junior-suite\/","title":{"rendered":"Junior Suite"},"content":{"rendered":"<p>Entdecken Sie den Komfort und die Ruhe unserer Junior Suite, die ideale Wahl f\u00fcr einen entspannten Aufenthalt. Dieses ger\u00e4umige Zimmer verf\u00fcgt \u00fcber ein gro\u00dfes Fenster und einen kleinen Balkon, die f\u00fcr nat\u00fcrliches Licht sorgen.<\/p>\n<p>Das moderne und gem\u00fctliche Design, das durch eine elegante und funktionelle Einrichtung erg\u00e4nzt wird, verbindet Stil und Zweckm\u00e4\u00dfigkeit perfekt miteinander. Jedes Detail ist darauf ausgerichtet, eine warme und einladende Atmosph\u00e4re zu schaffen. Das Zimmer ist mit einem bequemen Doppelbett, USB-Anschl\u00fcssen am Bett, Klimaanlage, Flachbildfernseher und kostenlosem WLAN ausgestattet, um den Aufenthalt noch angenehmer und komfortabler zu gestalten.<\/p>\n<p>Das eigene Bad mit Dusche und kostenlosen Toilettenartikeln ist der perfekte Ort f\u00fcr Momente der Entspannung.<\/p>\n<p>F\u00fcr alle, die Ruhe und Privatsph\u00e4re suchen, ist dieses Zimmer der ideale R\u00fcckzugsort, um sich in einer ruhigen und einladenden Umgebung zu verj\u00fcngen.<\/p>","protected":false},"excerpt":{"rendered":"<p>Scopri il comfort e la serenit\u00e0 della nostra Junior Suite, la scelta ideale per un soggiorno rilassante. Questa spaziosa camera \u00e8 arricchita da un&#8217;ampia finestra e un piccolo balcone, che garantiscono una luminosit\u00e0 naturale. Il design moderno e accogliente, impreziosito da arredi funzionali, combina perfettamente stile e praticit\u00e0. Ogni dettaglio \u00e8 studiato per offrire un&#8217;atmosfera&#8230;<\/p>","protected":false},"featured_media":82,"comment_status":"closed","ping_status":"closed","template":"","meta":{"_acf_changed":false},"product_brand":[],"product_cat":[19],"product_tag":[],"class_list":{"0":"post-310","1":"product","2":"type-product","3":"status-publish","4":"has-post-thumbnail","6":"product_cat-camere","8":"first","9":"instock","10":"shipping-taxable","11":"product-type-simple"},"acf":[],"yoast_head":"<!-- This site is optimized with the Yoast SEO plugin v25.5 - https:\/\/yoast.com\/wordpress\/plugins\/seo\/ -->\n<title>Corte Atenea | Junior Suite<\/title>\n<meta name=\"robots\" content=\"index, follow, max-snippet:-1, max-image-preview:large, max-video-preview:-1\" \/>\n<link rel=\"canonical\" href=\"https:\/\/www.corteatenea.it\/de\/junior-suite\/\" \/>\n<meta property=\"og:locale\" content=\"de_DE\" \/>\n<meta property=\"og:type\" content=\"article\" \/>\n<meta property=\"og:title\" content=\"Corte Atenea | Junior Suite\" \/>\n<meta property=\"og:description\" content=\"Scopri il comfort e la serenit\u00e0 della nostra Junior Suite, la scelta ideale per un soggiorno rilassante. Questa spaziosa camera \u00e8 arricchita da un&#8217;ampia finestra e un piccolo balcone, che garantiscono una luminosit\u00e0 naturale. Il design moderno e accogliente, impreziosito da arredi funzionali, combina perfettamente stile e praticit\u00e0. Ogni dettaglio \u00e8 studiato per offrire un&#8217;atmosfera...\" \/>\n<meta property=\"og:url\" content=\"https:\/\/www.corteatenea.it\/de\/junior-suite\/\" \/>\n<meta property=\"og:site_name\" content=\"Corte Atenea\" \/>\n<meta property=\"article:publisher\" content=\"https:\/\/www.facebook.com\/people\/Corte-Atenea-Guest-House-Experience-Spa\/61577293547383\/\" \/>\n<meta property=\"article:modified_time\" content=\"2025-07-22T17:23:30+00:00\" \/>\n<meta property=\"og:image\" content=\"https:\/\/www.corteatenea.it\/wp-content\/uploads\/2025\/07\/junior-suite.jpeg\" \/>\n\t<meta property=\"og:image:width\" content=\"1600\" \/>\n\t<meta property=\"og:image:height\" content=\"1067\" \/>\n\t<meta property=\"og:image:type\" content=\"image\/jpeg\" \/>\n<meta name=\"twitter:card\" content=\"summary_large_image\" \/>\n<meta name=\"twitter:label1\" content=\"Gesch\u00e4tzte Lesezeit\" \/>\n\t<meta name=\"twitter:data1\" content=\"1\u00a0Minute\" \/>\n<script type=\"application\/ld+json\" class=\"yoast-schema-graph\">{\"@context\":\"https:\/\/schema.org\",\"@graph\":[{\"@type\":\"WebPage\",\"@id\":\"https:\/\/www.corteatenea.it\/junior-suite\/\",\"url\":\"https:\/\/www.corteatenea.it\/junior-suite\/\",\"name\":\"Corte Atenea | Junior Suite\",\"isPartOf\":{\"@id\":\"https:\/\/www.corteatenea.it\/#website\"},\"primaryImageOfPage\":{\"@id\":\"https:\/\/www.corteatenea.it\/junior-suite\/#primaryimage\"},\"image\":{\"@id\":\"https:\/\/www.corteatenea.it\/junior-suite\/#primaryimage\"},\"thumbnailUrl\":\"https:\/\/www.corteatenea.it\/wp-content\/uploads\/2025\/07\/junior-suite.jpeg\",\"datePublished\":\"2025-07-18T19:59:35+00:00\",\"dateModified\":\"2025-07-22T17:23:30+00:00\",\"breadcrumb\":{\"@id\":\"https:\/\/www.corteatenea.it\/junior-suite\/#breadcrumb\"},\"inLanguage\":\"de\",\"potentialAction\":[{\"@type\":\"ReadAction\",\"target\":[\"https:\/\/www.corteatenea.it\/junior-suite\/\"]}]},{\"@type\":\"ImageObject\",\"inLanguage\":\"de\",\"@id\":\"https:\/\/www.corteatenea.it\/junior-suite\/#primaryimage\",\"url\":\"https:\/\/www.corteatenea.it\/wp-content\/uploads\/2025\/07\/junior-suite.jpeg\",\"contentUrl\":\"https:\/\/www.corteatenea.it\/wp-content\/uploads\/2025\/07\/junior-suite.jpeg\",\"width\":1600,\"height\":1067},{\"@type\":\"BreadcrumbList\",\"@id\":\"https:\/\/www.corteatenea.it\/junior-suite\/#breadcrumb\",\"itemListElement\":[{\"@type\":\"ListItem\",\"position\":1,\"name\":\"Home\",\"item\":\"https:\/\/www.corteatenea.it\/\"},{\"@type\":\"ListItem\",\"position\":2,\"name\":\"Productos\",\"item\":\"https:\/\/www.corteatenea.it\/es\/shop\/\"},{\"@type\":\"ListItem\",\"position\":3,\"name\":\"Junior Suite\"}]},{\"@type\":\"WebSite\",\"@id\":\"https:\/\/www.corteatenea.it\/#website\",\"url\":\"https:\/\/www.corteatenea.it\/\",\"name\":\"Corte Atenea\",\"description\":\"\",\"publisher\":{\"@id\":\"https:\/\/www.corteatenea.it\/#organization\"},\"potentialAction\":[{\"@type\":\"SearchAction\",\"target\":{\"@type\":\"EntryPoint\",\"urlTemplate\":\"https:\/\/www.corteatenea.it\/?s={search_term_string}\"},\"query-input\":{\"@type\":\"PropertyValueSpecification\",\"valueRequired\":true,\"valueName\":\"search_term_string\"}}],\"inLanguage\":\"de\"},{\"@type\":\"Organization\",\"@id\":\"https:\/\/www.corteatenea.it\/#organization\",\"name\":\"Corte Atenea\",\"url\":\"https:\/\/www.corteatenea.it\/\",\"logo\":{\"@type\":\"ImageObject\",\"inLanguage\":\"de\",\"@id\":\"https:\/\/www.corteatenea.it\/#\/schema\/logo\/image\/\",\"url\":\"https:\/\/www.corteatenea.it\/wp-content\/uploads\/2025\/07\/CorteAtenea.jpg\",\"contentUrl\":\"https:\/\/www.corteatenea.it\/wp-content\/uploads\/2025\/07\/CorteAtenea.jpg\",\"width\":1200,\"height\":1200,\"caption\":\"Corte Atenea\"},\"image\":{\"@id\":\"https:\/\/www.corteatenea.it\/#\/schema\/logo\/image\/\"},\"sameAs\":[\"https:\/\/www.facebook.com\/people\/Corte-Atenea-Guest-House-Experience-Spa\/61577293547383\/\",\"https:\/\/www.instagram.com\/corteateneaguesthouse\/\"]}]}<\/script>\n<!-- \/ Yoast SEO plugin. -->","yoast_head_json":{"title":"Corte Atenea | Junior Suite","robots":{"index":"index","follow":"follow","max-snippet":"max-snippet:-1","max-image-preview":"max-image-preview:large","max-video-preview":"max-video-preview:-1"},"canonical":"https:\/\/www.corteatenea.it\/de\/junior-suite\/","og_locale":"de_DE","og_type":"article","og_title":"Corte Atenea | Junior Suite","og_description":"Scopri il comfort e la serenit\u00e0 della nostra Junior Suite, la scelta ideale per un soggiorno rilassante. Questa spaziosa camera \u00e8 arricchita da un&#8217;ampia finestra e un piccolo balcone, che garantiscono una luminosit\u00e0 naturale. Il design moderno e accogliente, impreziosito da arredi funzionali, combina perfettamente stile e praticit\u00e0. Ogni dettaglio \u00e8 studiato per offrire un&#8217;atmosfera...","og_url":"https:\/\/www.corteatenea.it\/de\/junior-suite\/","og_site_name":"Corte Atenea","article_publisher":"https:\/\/www.facebook.com\/people\/Corte-Atenea-Guest-House-Experience-Spa\/61577293547383\/","article_modified_time":"2025-07-22T17:23:30+00:00","og_image":[{"width":1600,"height":1067,"url":"https:\/\/www.corteatenea.it\/wp-content\/uploads\/2025\/07\/junior-suite.jpeg","type":"image\/jpeg"}],"twitter_card":"summary_large_image","twitter_misc":{"Gesch\u00e4tzte Lesezeit":"1\u00a0Minute"},"schema":{"@context":"https:\/\/schema.org","@graph":[{"@type":"WebPage","@id":"https:\/\/www.corteatenea.it\/junior-suite\/","url":"https:\/\/www.corteatenea.it\/junior-suite\/","name":"Corte Atenea | Junior Suite","isPartOf":{"@id":"https:\/\/www.corteatenea.it\/#website"},"primaryImageOfPage":{"@id":"https:\/\/www.corteatenea.it\/junior-suite\/#primaryimage"},"image":{"@id":"https:\/\/www.corteatenea.it\/junior-suite\/#primaryimage"},"thumbnailUrl":"https:\/\/www.corteatenea.it\/wp-content\/uploads\/2025\/07\/junior-suite.jpeg","datePublished":"2025-07-18T19:59:35+00:00","dateModified":"2025-07-22T17:23:30+00:00","breadcrumb":{"@id":"https:\/\/www.corteatenea.it\/junior-suite\/#breadcrumb"},"inLanguage":"de","potentialAction":[{"@type":"ReadAction","target":["https:\/\/www.corteatenea.it\/junior-suite\/"]}]},{"@type":"ImageObject","inLanguage":"de","@id":"https:\/\/www.corteatenea.it\/junior-suite\/#primaryimage","url":"https:\/\/www.corteatenea.it\/wp-content\/uploads\/2025\/07\/junior-suite.jpeg","contentUrl":"https:\/\/www.corteatenea.it\/wp-content\/uploads\/2025\/07\/junior-suite.jpeg","width":1600,"height":1067},{"@type":"BreadcrumbList","@id":"https:\/\/www.corteatenea.it\/junior-suite\/#breadcrumb","itemListElement":[{"@type":"ListItem","position":1,"name":"Home","item":"https:\/\/www.corteatenea.it\/"},{"@type":"ListItem","position":2,"name":"Productos","item":"https:\/\/www.corteatenea.it\/es\/shop\/"},{"@type":"ListItem","position":3,"name":"Junior Suite"}]},{"@type":"WebSite","@id":"https:\/\/www.corteatenea.it\/#website","url":"https:\/\/www.corteatenea.it\/","name":"Corte Atenea","description":"","publisher":{"@id":"https:\/\/www.corteatenea.it\/#organization"},"potentialAction":[{"@type":"SearchAction","target":{"@type":"EntryPoint","urlTemplate":"https:\/\/www.corteatenea.it\/?s={search_term_string}"},"query-input":{"@type":"PropertyValueSpecification","valueRequired":true,"valueName":"search_term_string"}}],"inLanguage":"de"},{"@type":"Organization","@id":"https:\/\/www.corteatenea.it\/#organization","name":"Corte Atenea","url":"https:\/\/www.corteatenea.it\/","logo":{"@type":"ImageObject","inLanguage":"de","@id":"https:\/\/www.corteatenea.it\/#\/schema\/logo\/image\/","url":"https:\/\/www.corteatenea.it\/wp-content\/uploads\/2025\/07\/CorteAtenea.jpg","contentUrl":"https:\/\/www.corteatenea.it\/wp-content\/uploads\/2025\/07\/CorteAtenea.jpg","width":1200,"height":1200,"caption":"Corte Atenea"},"image":{"@id":"https:\/\/www.corteatenea.it\/#\/schema\/logo\/image\/"},"sameAs":["https:\/\/www.facebook.com\/people\/Corte-Atenea-Guest-House-Experience-Spa\/61577293547383\/","https:\/\/www.instagram.com\/corteateneaguesthouse\/"]}]}},"_links":{"self":[{"href":"https:\/\/www.corteatenea.it\/de\/wp-json\/wp\/v2\/product\/310","targetHints":{"allow":["GET"]}}],"collection":[{"href":"https:\/\/www.corteatenea.it\/de\/wp-json\/wp\/v2\/product"}],"about":[{"href":"https:\/\/www.corteatenea.it\/de\/wp-json\/wp\/v2\/types\/product"}],"replies":[{"embeddable":true,"href":"https:\/\/www.corteatenea.it\/de\/wp-json\/wp\/v2\/comments?post=310"}],"wp:featuredmedia":[{"embeddable":true,"href":"https:\/\/www.corteatenea.it\/de\/wp-json\/wp\/v2\/media\/82"}],"wp:attachment":[{"href":"https:\/\/www.corteatenea.it\/de\/wp-json\/wp\/v2\/media?parent=310"}],"wp:term":[{"taxonomy":"product_brand","embeddable":true,"href":"https:\/\/www.corteatenea.it\/de\/wp-json\/wp\/v2\/product_brand?post=310"},{"taxonomy":"product_cat","embeddable":true,"href":"https:\/\/www.corteatenea.it\/de\/wp-json\/wp\/v2\/product_cat?post=310"},{"taxonomy":"product_tag","embeddable":true,"href":"https:\/\/www.corteatenea.it\/de\/wp-json\/wp\/v2\/product_tag?post=310"}],"curies":[{"name":"wp","href":"https:\/\/api.w.org\/{rel}","templated":true}]}}