{"id":235,"date":"2025-07-18T20:01:26","date_gmt":"2025-07-18T18:01:26","guid":{"rendered":"https:\/\/www.corteatenea.it\/?page_id=235"},"modified":"2025-07-22T19:26:48","modified_gmt":"2025-07-22T17:26:48","slug":"regolamento","status":"publish","type":"page","link":"https:\/\/www.corteatenea.it\/de\/regolamento\/","title":{"rendered":"Verordnung"},"content":{"rendered":"<section class=\"l-section wpb_row height_auto width_full\"><div class=\"l-section-h i-cf\"><div class=\"g-cols vc_row via_flex valign_top type_default stacking_default\"><div class=\"vc_col-sm-12 wpb_column vc_column_container\"><div class=\"vc_column-inner\"><div class=\"wpb_wrapper\"><section class=\"l-section wpb_row us_custom_b7ce1b94 us_animate_this height_huge width_full\"><div class=\"l-section-overlay\" style=\"background:rgba(0,0,0,0.5)\"><\/div><div class=\"l-section-h i-cf\"><div class=\"g-cols vc_row via_flex valign_top type_default stacking_default\"><div class=\"vc_col-sm-12 wpb_column vc_column_container\"><div class=\"vc_column-inner\"><div class=\"wpb_wrapper\"><div class=\"w-separator size_large\"><\/div><div class=\"g-cols wpb_row via_flex valign_top type_default stacking_default\"><div class=\"vc_col-sm-2 wpb_column vc_column_container\"><div class=\"vc_column-inner\"><div class=\"wpb_wrapper\"><\/div><\/div><\/div><div class=\"vc_col-sm-8 wpb_column vc_column_container\"><div class=\"vc_column-inner\"><div class=\"wpb_wrapper\"><div class=\"w-vwrapper align_none valign_top\" style=\"--vwrapper-gap:1rem\"><nav class=\"g-breadcrumbs us_custom_319b9b67 has_text_color us_animate_this separator_icon align_center\" itemscope itemtype=\"http:\/\/schema.org\/BreadcrumbList\"><div class=\"g-breadcrumbs-item\" itemscope itemprop=\"itemListElement\" itemtype=\"http:\/\/schema.org\/ListItem\"><a itemprop=\"item\" href=\"https:\/\/www.corteatenea.it\/de\/\"><span itemprop=\"name\">Start<\/span><\/a><meta itemprop=\"position\" content=\"1\"\/><\/div><div class=\"g-breadcrumbs-separator\"><i class=\"far fa-angle-right\"><\/i><\/div><div class=\"g-breadcrumbs-item\">Seiten<\/div><\/nav><h2 class=\"w-post-elm post_title us_custom_b15cdcab has_text_color us_animate_this align_center entry-title color_link_inherit\">Verordnung<\/h2><\/div><\/div><\/div><\/div><div class=\"vc_col-sm-2 wpb_column vc_column_container\"><div class=\"vc_column-inner\"><div class=\"wpb_wrapper\"><\/div><\/div><\/div><\/div><div class=\"w-separator size_large\"><\/div><\/div><\/div><\/div><\/div><\/div><\/section>\n<\/div><\/div><\/div><\/div><\/div><\/section><section class=\"l-section wpb_row height_huge\"><div class=\"l-section-h i-cf\"><div class=\"g-cols vc_row via_flex valign_top type_default stacking_default\"><div class=\"vc_col-sm-12 wpb_column vc_column_container\"><div class=\"vc_column-inner\"><div class=\"wpb_wrapper\"><div class=\"g-cols wpb_row via_flex valign_top type_default stacking_default\"><div class=\"vc_col-sm-8 wpb_column vc_column_container\"><div class=\"vc_column-inner us_custom_8e784a87 us_animate_this\"><div class=\"wpb_wrapper\"><div class=\"w-vwrapper align_none valign_top\" style=\"--vwrapper-gap:0.5rem\"><h2 class=\"w-text\"><span class=\"w-text-h\"><span class=\"w-text-value\">Hausregeln<\/span><\/span><\/h2><\/div><div class=\"w-separator size_small\"><\/div><div class=\"wpb_text_column\"><div class=\"wpb_wrapper\"><p>Um Ihnen den bestm\u00f6glichen Empfang zu garantieren, finden Sie hier einige wichtige Informationen, die Sie vor Ihrem Aufenthalt wissen sollten:<\/p>\n<ul>\n<li><strong>Check-in:<\/strong> Beim Check-in bitten wir Sie, einen Lichtbildausweis (auch f\u00fcr Minderj\u00e4hrige) und eine Kreditkarte vorzulegen. Um einen reibungslosen Ablauf zu gew\u00e4hrleisten, bitten wir Sie, uns Ihre Ankunftszeit mindestens 24 Stunden im Voraus mitzuteilen. Wenn Sie uns nicht benachrichtigen, kann es zu Schwierigkeiten oder l\u00e4ngeren Wartezeiten beim Einlass kommen (dies ist kein Grund f\u00fcr Beschwerden oder R\u00fcckerstattungsantr\u00e4ge).<\/li>\n<li><strong>Check-in nach 19:30 Uhr:<\/strong> Wenn Sie nach 19:30 Uhr anreisen m\u00f6chten, bitten wir Sie, uns im Voraus zu informieren, da dies nur mit einer schriftlichen Best\u00e4tigung m\u00f6glich ist und mit einem Aufpreis.<\/li>\n<li><strong>Sonderw\u00fcnsche:<\/strong> Werden je nach Verf\u00fcgbarkeit ber\u00fccksichtigt und k\u00f6nnen mit einem Aufpreis verbunden sein.<\/li>\n<li><strong>Sp\u00e4ter Check-out<\/strong>: Auf Anfrage, gegen Aufpreis und je nach Verf\u00fcgbarkeit m\u00f6glich.<\/li>\n<li><strong>Hausregeln:<\/strong> Um den Komfort aller zu gew\u00e4hrleisten, sind Partys oder Veranstaltungen auf dem Grundst\u00fcck nicht erlaubt. Das Rauchen ist strengstens untersagt, ebenso wie das Mitbringen und der Konsum von Alkohol oder Drogen. Der Zugang ist nur f\u00fcr angemeldete G\u00e4ste m\u00f6glich.<\/li>\n<li><strong>Minderj\u00e4hrige<\/strong> Der Aufenthalt ist nur in Begleitung eines Elternteils oder Erziehungsberechtigten mit g\u00fcltigem Lichtbildausweis gestattet.<\/li>\n<li><strong>Kurtaxe:<\/strong> Nicht im Preis inbegriffen, muss beim Check-in separat bezahlt werden.<\/li>\n<li><strong>Kaution:<\/strong> Bei der Ankunft ist eine Kaution zu hinterlegen, die nach \u00dcberpr\u00fcfung des Zustands der Unterkunft zur\u00fcckerstattet wird.<\/li>\n<\/ul>\n<h3>Stornierungsbedingungen<\/h3>\n<ul>\n<li><strong>Nicht erstattungsf\u00e4hige erm\u00e4\u00dfigte Tarife:<\/strong> Keine R\u00fcckerstattung.<\/li>\n<li><strong>Kostenlose Stornierung:<\/strong> Bis zu 14 Tage vor dem Anreisedatum, bei Tarifen, die dies vorsehen.<\/li>\n<li><strong>Stornierung nach Ablauf der Frist oder Nichterscheinen:<\/strong> 100% des gesamten Buchungsbetrags werden in Rechnung gestellt.<\/li>\n<li><strong>Buchungs\u00e4nderungen<\/strong> Diese sind abh\u00e4ngig von der Verf\u00fcgbarkeit und k\u00f6nnen zu einer \u00c4nderung des zu zahlenden Betrags f\u00fchren.<\/li>\n<\/ul>\n<p>Wir raten Ihnen, sich zum Zeitpunkt der Buchung immer \u00fcber die spezifischen Bedingungen zu informieren, da diese je nach Sonderangeboten oder Werbepaketen variieren k\u00f6nnen.<\/p>\n<\/div><\/div><\/div><\/div><\/div><div class=\"vc_col-sm-4 wpb_column vc_column_container\"><div class=\"vc_column-inner us_custom_135e11d2 us_animate_this type_sticky\"><div class=\"wpb_wrapper\"><div class=\"w-separator size_small\"><\/div><div class=\"w-iconbox us_custom_43967dc4 iconpos_left style_default color_primary align_left\"><a target=\"_blank\" href=\"https:\/\/maps.app.goo.gl\/Hti43CQedRPwCYVw5\" class=\"w-iconbox-link\" aria-label=\"Standort\"><div class=\"w-iconbox-icon\" style=\"font-size:30px;\"><i class=\"fal fa-map-marker-alt\"><\/i><\/div><\/a><div class=\"w-iconbox-meta\"><h4 class=\"w-iconbox-title\"><a target=\"_blank\" href=\"https:\/\/maps.app.goo.gl\/Hti43CQedRPwCYVw5\" class=\"w-iconbox-link\" aria-label=\"Standort\">Standort<\/a><\/h4><div class=\"w-iconbox-text\"><p><a href=\"https:\/\/maps.app.goo.gl\/Hti43CQedRPwCYVw5\" target=\"_blank\" rel=\"noopener\">Via Ficani, 26, 92100 Agrigento AG, Italien<\/a><\/p>\n<\/div><\/div><\/div><div class=\"w-separator size_medium\"><\/div><div class=\"w-iconbox us_custom_43967dc4 iconpos_left style_default color_primary align_left\"><a target=\"_blank\" href=\"\/de\/Rufen Sie uns jetzt an\/\" class=\"w-iconbox-link\" aria-label=\"Telefon\"><div class=\"w-iconbox-icon\" style=\"font-size:30px;\"><i class=\"fal fa-phone-alt\"><\/i><\/div><\/a><div class=\"w-iconbox-meta\"><h4 class=\"w-iconbox-title\"><a target=\"_blank\" href=\"\/de\/Rufen Sie uns jetzt an\/\" class=\"w-iconbox-link\" aria-label=\"Telefon\">Telefon<\/a><\/h4><div class=\"w-iconbox-text\"><p><a href=\"\/de\/Rufen Sie uns jetzt an\/\">+39 393 186 4800<\/a><\/p>\n<\/div><\/div><\/div><div class=\"w-separator size_medium\"><\/div><div class=\"w-iconbox us_custom_43967dc4 iconpos_left style_default color_primary align_left\"><div class=\"w-iconbox-icon\" style=\"font-size:30px;\"><i class=\"fal fa-clock\"><\/i><\/div><div class=\"w-iconbox-meta\"><h4 class=\"w-iconbox-title\">\u00d6ffnungszeiten<\/h4><div class=\"w-iconbox-text\"><p>Check-in: Von 13:00 bis 19:00 Uhr<br \/>\nCheck-out: Bis 10:00 Uhr<\/p>\n<\/div><\/div><\/div><\/div><\/div><\/div><\/div><\/div><\/div><\/div><\/div><\/div><\/section>","protected":false},"excerpt":{"rendered":"StartSeitenRegolamento Regole della casaPer garantirvi la migliore accoglienza, ecco alcune informazioni importanti da conoscere prima del vostro soggiorno: Check-in: Al momento del check-in, vi chiederemo di presentare un documento d\u2019identit\u00e0 con foto (anche per i minori) e una carta di credito. Per una gestione pi\u00f9 fluida, vi chiediamo gentilmente di comunicarci l&#8217;orario di arrivo almeno...","protected":false},"author":1,"featured_media":35,"parent":0,"menu_order":0,"comment_status":"closed","ping_status":"closed","template":"","meta":{"_acf_changed":false,"footnotes":""},"class_list":["post-235","page","type-page","status-publish","has-post-thumbnail","hentry"],"acf":[],"yoast_head":"<!-- This site is optimized with the Yoast SEO plugin v25.5 - https:\/\/yoast.com\/wordpress\/plugins\/seo\/ -->\n<title>Corte Atenea | Regolamento<\/title>\n<meta name=\"robots\" content=\"index, follow, max-snippet:-1, max-image-preview:large, max-video-preview:-1\" \/>\n<link rel=\"canonical\" href=\"https:\/\/www.corteatenea.it\/de\/regolamento\/\" \/>\n<meta property=\"og:locale\" content=\"de_DE\" \/>\n<meta property=\"og:type\" content=\"article\" \/>\n<meta property=\"og:title\" content=\"Corte Atenea | Regolamento\" \/>\n<meta property=\"og:url\" content=\"https:\/\/www.corteatenea.it\/de\/regolamento\/\" \/>\n<meta property=\"og:site_name\" content=\"Corte Atenea\" \/>\n<meta property=\"article:publisher\" content=\"https:\/\/www.facebook.com\/people\/Corte-Atenea-Guest-House-Experience-Spa\/61577293547383\/\" \/>\n<meta property=\"article:modified_time\" content=\"2025-07-22T17:26:48+00:00\" \/>\n<meta property=\"og:image\" content=\"https:\/\/www.corteatenea.it\/wp-content\/uploads\/2025\/07\/CorteAtenea.jpg\" \/>\n\t<meta property=\"og:image:width\" content=\"1200\" \/>\n\t<meta property=\"og:image:height\" content=\"1200\" \/>\n\t<meta property=\"og:image:type\" content=\"image\/jpeg\" \/>\n<meta name=\"twitter:card\" content=\"summary_large_image\" \/>\n<meta name=\"twitter:label1\" content=\"Gesch\u00e4tzte Lesezeit\" \/>\n\t<meta name=\"twitter:data1\" content=\"3\u00a0Minuten\" \/>\n<script type=\"application\/ld+json\" class=\"yoast-schema-graph\">{\"@context\":\"https:\/\/schema.org\",\"@graph\":[{\"@type\":\"WebPage\",\"@id\":\"https:\/\/www.corteatenea.it\/regolamento\/\",\"url\":\"https:\/\/www.corteatenea.it\/regolamento\/\",\"name\":\"Corte Atenea | Regolamento\",\"isPartOf\":{\"@id\":\"https:\/\/www.corteatenea.it\/#website\"},\"primaryImageOfPage\":{\"@id\":\"https:\/\/www.corteatenea.it\/regolamento\/#primaryimage\"},\"image\":{\"@id\":\"https:\/\/www.corteatenea.it\/regolamento\/#primaryimage\"},\"thumbnailUrl\":\"https:\/\/www.corteatenea.it\/wp-content\/uploads\/2025\/07\/CorteAtenea.jpg\",\"datePublished\":\"2025-07-18T18:01:26+00:00\",\"dateModified\":\"2025-07-22T17:26:48+00:00\",\"breadcrumb\":{\"@id\":\"https:\/\/www.corteatenea.it\/regolamento\/#breadcrumb\"},\"inLanguage\":\"de\",\"potentialAction\":[{\"@type\":\"ReadAction\",\"target\":[\"https:\/\/www.corteatenea.it\/regolamento\/\"]}]},{\"@type\":\"ImageObject\",\"inLanguage\":\"de\",\"@id\":\"https:\/\/www.corteatenea.it\/regolamento\/#primaryimage\",\"url\":\"https:\/\/www.corteatenea.it\/wp-content\/uploads\/2025\/07\/CorteAtenea.jpg\",\"contentUrl\":\"https:\/\/www.corteatenea.it\/wp-content\/uploads\/2025\/07\/CorteAtenea.jpg\",\"width\":1200,\"height\":1200},{\"@type\":\"BreadcrumbList\",\"@id\":\"https:\/\/www.corteatenea.it\/regolamento\/#breadcrumb\",\"itemListElement\":[{\"@type\":\"ListItem\",\"position\":1,\"name\":\"Home\",\"item\":\"https:\/\/www.corteatenea.it\/\"},{\"@type\":\"ListItem\",\"position\":2,\"name\":\"Regolamento\"}]},{\"@type\":\"WebSite\",\"@id\":\"https:\/\/www.corteatenea.it\/#website\",\"url\":\"https:\/\/www.corteatenea.it\/\",\"name\":\"Corte Atenea\",\"description\":\"\",\"publisher\":{\"@id\":\"https:\/\/www.corteatenea.it\/#organization\"},\"potentialAction\":[{\"@type\":\"SearchAction\",\"target\":{\"@type\":\"EntryPoint\",\"urlTemplate\":\"https:\/\/www.corteatenea.it\/?s={search_term_string}\"},\"query-input\":{\"@type\":\"PropertyValueSpecification\",\"valueRequired\":true,\"valueName\":\"search_term_string\"}}],\"inLanguage\":\"de\"},{\"@type\":\"Organization\",\"@id\":\"https:\/\/www.corteatenea.it\/#organization\",\"name\":\"Corte Atenea\",\"url\":\"https:\/\/www.corteatenea.it\/\",\"logo\":{\"@type\":\"ImageObject\",\"inLanguage\":\"de\",\"@id\":\"https:\/\/www.corteatenea.it\/#\/schema\/logo\/image\/\",\"url\":\"https:\/\/www.corteatenea.it\/wp-content\/uploads\/2025\/07\/CorteAtenea.jpg\",\"contentUrl\":\"https:\/\/www.corteatenea.it\/wp-content\/uploads\/2025\/07\/CorteAtenea.jpg\",\"width\":1200,\"height\":1200,\"caption\":\"Corte Atenea\"},\"image\":{\"@id\":\"https:\/\/www.corteatenea.it\/#\/schema\/logo\/image\/\"},\"sameAs\":[\"https:\/\/www.facebook.com\/people\/Corte-Atenea-Guest-House-Experience-Spa\/61577293547383\/\",\"https:\/\/www.instagram.com\/corteateneaguesthouse\/\"]}]}<\/script>\n<!-- \/ Yoast SEO plugin. -->","yoast_head_json":{"title":"Corte Atenea | Regolamento","robots":{"index":"index","follow":"follow","max-snippet":"max-snippet:-1","max-image-preview":"max-image-preview:large","max-video-preview":"max-video-preview:-1"},"canonical":"https:\/\/www.corteatenea.it\/de\/regolamento\/","og_locale":"de_DE","og_type":"article","og_title":"Corte Atenea | Regolamento","og_url":"https:\/\/www.corteatenea.it\/de\/regolamento\/","og_site_name":"Corte Atenea","article_publisher":"https:\/\/www.facebook.com\/people\/Corte-Atenea-Guest-House-Experience-Spa\/61577293547383\/","article_modified_time":"2025-07-22T17:26:48+00:00","og_image":[{"width":1200,"height":1200,"url":"https:\/\/www.corteatenea.it\/wp-content\/uploads\/2025\/07\/CorteAtenea.jpg","type":"image\/jpeg"}],"twitter_card":"summary_large_image","twitter_misc":{"Gesch\u00e4tzte Lesezeit":"3\u00a0Minuten"},"schema":{"@context":"https:\/\/schema.org","@graph":[{"@type":"WebPage","@id":"https:\/\/www.corteatenea.it\/regolamento\/","url":"https:\/\/www.corteatenea.it\/regolamento\/","name":"Corte Atenea | Regolamento","isPartOf":{"@id":"https:\/\/www.corteatenea.it\/#website"},"primaryImageOfPage":{"@id":"https:\/\/www.corteatenea.it\/regolamento\/#primaryimage"},"image":{"@id":"https:\/\/www.corteatenea.it\/regolamento\/#primaryimage"},"thumbnailUrl":"https:\/\/www.corteatenea.it\/wp-content\/uploads\/2025\/07\/CorteAtenea.jpg","datePublished":"2025-07-18T18:01:26+00:00","dateModified":"2025-07-22T17:26:48+00:00","breadcrumb":{"@id":"https:\/\/www.corteatenea.it\/regolamento\/#breadcrumb"},"inLanguage":"de","potentialAction":[{"@type":"ReadAction","target":["https:\/\/www.corteatenea.it\/regolamento\/"]}]},{"@type":"ImageObject","inLanguage":"de","@id":"https:\/\/www.corteatenea.it\/regolamento\/#primaryimage","url":"https:\/\/www.corteatenea.it\/wp-content\/uploads\/2025\/07\/CorteAtenea.jpg","contentUrl":"https:\/\/www.corteatenea.it\/wp-content\/uploads\/2025\/07\/CorteAtenea.jpg","width":1200,"height":1200},{"@type":"BreadcrumbList","@id":"https:\/\/www.corteatenea.it\/regolamento\/#breadcrumb","itemListElement":[{"@type":"ListItem","position":1,"name":"Home","item":"https:\/\/www.corteatenea.it\/"},{"@type":"ListItem","position":2,"name":"Regolamento"}]},{"@type":"WebSite","@id":"https:\/\/www.corteatenea.it\/#website","url":"https:\/\/www.corteatenea.it\/","name":"Corte Atenea","description":"","publisher":{"@id":"https:\/\/www.corteatenea.it\/#organization"},"potentialAction":[{"@type":"SearchAction","target":{"@type":"EntryPoint","urlTemplate":"https:\/\/www.corteatenea.it\/?s={search_term_string}"},"query-input":{"@type":"PropertyValueSpecification","valueRequired":true,"valueName":"search_term_string"}}],"inLanguage":"de"},{"@type":"Organization","@id":"https:\/\/www.corteatenea.it\/#organization","name":"Corte Atenea","url":"https:\/\/www.corteatenea.it\/","logo":{"@type":"ImageObject","inLanguage":"de","@id":"https:\/\/www.corteatenea.it\/#\/schema\/logo\/image\/","url":"https:\/\/www.corteatenea.it\/wp-content\/uploads\/2025\/07\/CorteAtenea.jpg","contentUrl":"https:\/\/www.corteatenea.it\/wp-content\/uploads\/2025\/07\/CorteAtenea.jpg","width":1200,"height":1200,"caption":"Corte Atenea"},"image":{"@id":"https:\/\/www.corteatenea.it\/#\/schema\/logo\/image\/"},"sameAs":["https:\/\/www.facebook.com\/people\/Corte-Atenea-Guest-House-Experience-Spa\/61577293547383\/","https:\/\/www.instagram.com\/corteateneaguesthouse\/"]}]}},"_links":{"self":[{"href":"https:\/\/www.corteatenea.it\/de\/wp-json\/wp\/v2\/pages\/235","targetHints":{"allow":["GET"]}}],"collection":[{"href":"https:\/\/www.corteatenea.it\/de\/wp-json\/wp\/v2\/pages"}],"about":[{"href":"https:\/\/www.corteatenea.it\/de\/wp-json\/wp\/v2\/types\/page"}],"author":[{"embeddable":true,"href":"https:\/\/www.corteatenea.it\/de\/wp-json\/wp\/v2\/users\/1"}],"replies":[{"embeddable":true,"href":"https:\/\/www.corteatenea.it\/de\/wp-json\/wp\/v2\/comments?post=235"}],"version-history":[{"count":0,"href":"https:\/\/www.corteatenea.it\/de\/wp-json\/wp\/v2\/pages\/235\/revisions"}],"wp:featuredmedia":[{"embeddable":true,"href":"https:\/\/www.corteatenea.it\/de\/wp-json\/wp\/v2\/media\/35"}],"wp:attachment":[{"href":"https:\/\/www.corteatenea.it\/de\/wp-json\/wp\/v2\/media?parent=235"}],"curies":[{"name":"wp","href":"https:\/\/api.w.org\/{rel}","templated":true}]}}